{"id":4404,"date":"2025-12-17T17:37:44","date_gmt":"2025-12-17T17:37:44","guid":{"rendered":"https:\/\/gbscidp.ca\/apply-for-a-research-grant\/"},"modified":"2025-12-21T07:37:40","modified_gmt":"2025-12-21T07:37:40","slug":"grants","status":"publish","type":"page","link":"https:\/\/gbscidp.ca\/fr\/research\/grants\/","title":{"rendered":"Appel de candidatures &#8211; programme de bourses"},"content":{"rendered":"<h2>Aper\u00e7u<\/h2>\n<p>La Fondation canadienne du SGB\/PDIC offre <strong data-start=\"392\" data-end=\"418\">une bourse de 10 000 $<\/strong> pour un projet de recherche ax\u00e9 sur les patient\u00b7es, d\u2019une dur\u00e9e d\u2019un an.<\/p>\n<p data-start=\"497\" data-end=\"726\">La personne ou l\u2019\u00e9quipe retenue devra collaborer avec les membres, le conseil d\u2019administration et le comit\u00e9 consultatif m\u00e9dical de la Fondation. Au besoin, la Fondation appuiera le recrutement de participant\u00b7es parmi ses membres.<\/p>\n<p>&nbsp;<\/p>\n<h3 data-start=\"733\" data-end=\"762\"><strong data-start=\"737\" data-end=\"762\">Cycle de bourses 2026<\/strong><\/h3>\n<p data-start=\"764\" data-end=\"1032\">En 2026, la Fondation encourage les chercheur\u00b7euses canadien\u00b7nes \u00e0 soumettre des projets portant sur deux priorit\u00e9s identifi\u00e9es par la communaut\u00e9.<br data-start=\"914\" data-end=\"917\" \/>Tout projet s\u00e9lectionn\u00e9 dans l\u2019un des domaines prioritaires suivants verra son financement <strong data-start=\"1008\" data-end=\"1030\">bonifi\u00e9 \u00e0 15 000 $<\/strong> :<\/p>\n<ul data-start=\"1034\" data-end=\"1174\">\n<li data-start=\"1034\" data-end=\"1103\">\n<p data-start=\"1036\" data-end=\"1103\">L\u2019impact du vieillissement chez les personnes vivant avec la PDIC<\/p>\n<\/li>\n<li data-start=\"1104\" data-end=\"1174\">\n<p data-start=\"1106\" data-end=\"1174\">La peur de rechute chez les personnes atteintes du SGB ou de la PDIC<\/p>\n<\/li>\n<\/ul>\n<h3>Qui peut pr\u00e9senter une demande ?<\/h3>\n<p>Cette bourse s\u2019adresse aux chercheur\u00b7euses canadien\u00b7nes, toutes disciplines confondues (sciences ou sciences humaines), dont les travaux visent \u00e0 am\u00e9liorer les soins offerts aux personnes vivant avec le SGB, la PDIC, la NMM ou des troubles apparent\u00e9s.<\/p>\n<h3>Livrables et attentes<\/h3>\n<p data-start=\"1516\" data-end=\"1554\">Les personnes r\u00e9cipiendaires devront :<\/p>\n<ul data-start=\"1556\" data-end=\"1987\">\n<li data-start=\"1556\" data-end=\"1624\">\n<p data-start=\"1558\" data-end=\"1624\">Soumettre une demande compl\u00e8te \u00e0 l\u2019aide du formulaire ci-dessous<\/p>\n<\/li>\n<li data-start=\"1625\" data-end=\"1782\">\n<p data-start=\"1627\" data-end=\"1782\">Amorcer, analyser et mener \u00e0 terme un projet de recherche ax\u00e9 sur les patient\u00b7es en collaboration avec les membres de la Fondation canadienne du SGB\/PDIC, dans un d\u00e9lai d\u2019un an<\/p>\n<\/li>\n<li data-start=\"1783\" data-end=\"1902\">\n<p data-start=\"1785\" data-end=\"1902\">Pr\u00e9senter les r\u00e9sultats lors d\u2019un congr\u00e8s (les frais de d\u00e9placement pourraient \u00eatre admissibles \u00e0 un remboursement)<\/p>\n<\/li>\n<li data-start=\"1903\" data-end=\"1987\">\n<p data-start=\"1905\" data-end=\"1987\">Soumettre un article \u00e9valu\u00e9 par les pairs ainsi qu\u2019un rapport final \u00e0 la Fondation<\/p>\n<\/li>\n<\/ul>\n<h3><\/h3>\n<h3>\u00c9ch\u00e9ancier pr\u00e9vu<\/h3>\n<ul>\n<li data-start=\"2020\" data-end=\"2081\">\n<p data-start=\"2022\" data-end=\"2081\">Lancement du programme de bourses : <strong data-start=\"2058\" data-end=\"2079\">1er d\u00e9cembre 2025<\/strong><\/p>\n<\/li>\n<li data-start=\"2082\" data-end=\"2141\">\n<p data-start=\"2084\" data-end=\"2141\">Date limite de d\u00e9p\u00f4t des demandes : <strong data-start=\"2120\" data-end=\"2139\">31 janvier 2026<\/strong><\/p>\n<\/li>\n<li data-start=\"2142\" data-end=\"2192\">\n<p data-start=\"2144\" data-end=\"2192\">Annonce des projets retenus : <strong data-start=\"2174\" data-end=\"2190\">14 mars 2026<\/strong><\/p>\n<\/li>\n<li data-start=\"2193\" data-end=\"2236\">\n<p data-start=\"2195\" data-end=\"2236\">D\u00e9but du financement : <strong data-start=\"2218\" data-end=\"2234\">1er mai 2026<\/strong><\/p>\n<\/li>\n<li data-start=\"2237\" data-end=\"2275\">\n<p data-start=\"2239\" data-end=\"2275\">Suivi des jalons : <strong data-start=\"2258\" data-end=\"2273\">trimestriel<\/strong><\/p>\n<\/li>\n<li data-start=\"2276\" data-end=\"2352\">\n<p data-start=\"2278\" data-end=\"2352\">Rapport final \/ pr\u00e9sentation au conseil d\u2019administration : <strong data-start=\"2337\" data-end=\"2352\">12 mai 2027<\/strong><\/p>\n<\/li>\n<\/ul>\n<h2>Pr\u00e9senter une demande<\/h2>\n<p>Veuillez remplir le formulaire ci-dessous et t\u00e9l\u00e9verser les documents requis.<\/p>\n\n<div class=\"wpcf7 no-js\" id=\"wpcf7-f4421-o1\" lang=\"fr-FR\" dir=\"ltr\" data-wpcf7-id=\"4421\">\n<div class=\"screen-reader-response\"><p role=\"status\" aria-live=\"polite\" aria-atomic=\"true\"><\/p> <ul><\/ul><\/div>\n<form action=\"\/fr\/wp-json\/wp\/v2\/pages\/4404#wpcf7-f4421-o1\" method=\"post\" class=\"wpcf7-form init\" aria-label=\"Formulaire de contact\" novalidate=\"novalidate\" data-status=\"init\">\n<fieldset class=\"hidden-fields-container\"><input type=\"hidden\" name=\"_wpcf7\" value=\"4421\" \/><input type=\"hidden\" name=\"_wpcf7_version\" value=\"6.1.5\" \/><input type=\"hidden\" name=\"_wpcf7_locale\" value=\"fr_FR\" \/><input type=\"hidden\" name=\"_wpcf7_unit_tag\" value=\"wpcf7-f4421-o1\" \/><input type=\"hidden\" name=\"_wpcf7_container_post\" value=\"0\" \/><input type=\"hidden\" name=\"_wpcf7_posted_data_hash\" value=\"\" \/><input type=\"hidden\" name=\"_wpcf7_recaptcha_response\" value=\"\" \/>\n<\/fieldset>\n<div class=\"group\">\n\t<p><label> Pr\u00e9nom*<br \/>\n<span class=\"wpcf7-form-control-wrap\" data-name=\"first-name\"><input size=\"40\" maxlength=\"400\" class=\"wpcf7-form-control wpcf7-text wpcf7-validates-as-required\" aria-required=\"true\" aria-invalid=\"false\" placeholder=\"Pr\u00e9nom\" value=\"\" type=\"text\" name=\"first-name\" \/><\/span> <\/label>\n\t<\/p>\n\t<p><label> Nom*<br \/>\n<span class=\"wpcf7-form-control-wrap\" data-name=\"last-name\"><input size=\"40\" maxlength=\"400\" class=\"wpcf7-form-control wpcf7-text wpcf7-validates-as-required\" aria-required=\"true\" aria-invalid=\"false\" placeholder=\"Nom\" value=\"\" type=\"text\" name=\"last-name\" \/><\/span> <\/label>\n\t<\/p>\n<\/div>\n<p><label> Organisation ou affiliation (s\u2019il y a lieu)<br \/>\n<span class=\"wpcf7-form-control-wrap\" data-name=\"organization\"><input size=\"40\" maxlength=\"400\" class=\"wpcf7-form-control wpcf7-text\" aria-invalid=\"false\" placeholder=\"Organisation ou affiliation\" value=\"\" type=\"text\" name=\"organization\" \/><\/span> <\/label>\n<\/p>\n<div class=\"group\">\n\t<p><label> Courriel*<br \/>\n<span class=\"wpcf7-form-control-wrap\" data-name=\"your-email\"><input size=\"40\" maxlength=\"400\" class=\"wpcf7-form-control wpcf7-email wpcf7-validates-as-required wpcf7-text wpcf7-validates-as-email\" aria-required=\"true\" aria-invalid=\"false\" placeholder=\"Courriel\" value=\"\" type=\"email\" name=\"your-email\" \/><\/span> <\/label>\n\t<\/p>\n\t<p><label> Num\u00e9ro de t\u00e9l\u00e9phone*<br \/>\n<span class=\"wpcf7-form-control-wrap\" data-name=\"phone\"><input size=\"40\" maxlength=\"400\" class=\"wpcf7-form-control wpcf7-tel wpcf7-validates-as-required wpcf7-text wpcf7-validates-as-tel\" aria-required=\"true\" aria-invalid=\"false\" placeholder=\"Num\u00e9ro de t\u00e9l\u00e9phone\" value=\"\" type=\"tel\" name=\"phone\" \/><\/span><\/label>\n\t<\/p>\n<\/div>\n<h5>T\u00e9l\u00e9verser votre CV et votre proposition\n<\/h5>\n<p><span class=\"wpcf7-form-control-wrap\" data-name=\"mfile-942\"><input size=\"40\" class=\"wpcf7-form-control wpcf7-drag-n-drop-file d-none\" aria-required=\"true\" aria-invalid=\"false\" type=\"file\" multiple=\"multiple\" data-name=\"mfile-942\" data-type=\"pdf|doc|docx|ppt|pptx\" data-limit=\"10000000\" data-min=\"1\" data-max=\"2\" data-id=\"4421\" data-version=\"free version 1.3.9.7\" accept=\".pdf, .doc, .docx, .ppt, .pptx\" \/><\/span>\n<\/p>\n<p class=\"upload-info\">T\u00e9l\u00e9versez jusqu\u2019\u00e0 deux fichiers (10 Mo maximum).\n<\/p>\n<p><input class=\"wpcf7-form-control wpcf7-submit has-spinner small\" type=\"submit\" value=\"Soumettre la proposition\" \/>\n<\/p><div class=\"wpcf7-response-output\" aria-hidden=\"true\"><\/div>\n<\/form>\n<\/div>\n\n","protected":false},"excerpt":{"rendered":"<p>Aper\u00e7u La Fondation canadienne du SGB\/PDIC offre une bourse de 10 000 $ pour un projet de recherche ax\u00e9 sur les patient\u00b7es, d\u2019une dur\u00e9e d\u2019un an. La personne ou l\u2019\u00e9quipe retenue devra collaborer avec les membres, le conseil d\u2019administration et le comit\u00e9 consultatif m\u00e9dical de la Fondation. Au besoin, la Fondation appuiera le recrutement de [&hellip;]<\/p>\n","protected":false},"author":1,"featured_media":0,"parent":4417,"menu_order":0,"comment_status":"closed","ping_status":"closed","template":"page-grants.php","meta":{"_acf_changed":false,"inline_featured_image":false,"footnotes":""},"class_list":["post-4404","page","type-page","status-publish","hentry"],"acf":[],"yoast_head":"<!-- This site is optimized with the Yoast SEO plugin v27.4 - https:\/\/yoast.com\/product\/yoast-seo-wordpress\/ -->\n<title>Appel de candidatures - programme de bourses - GBS\/CIDP Foundation<\/title>\n<meta name=\"robots\" content=\"index, follow, max-snippet:-1, max-image-preview:large, max-video-preview:-1\" \/>\n<link rel=\"canonical\" href=\"https:\/\/gbscidp.ca\/fr\/research\/grants\/\" \/>\n<meta property=\"og:locale\" content=\"fr_FR\" \/>\n<meta property=\"og:type\" content=\"article\" \/>\n<meta property=\"og:title\" content=\"Appel de candidatures - programme de bourses - GBS\/CIDP Foundation\" \/>\n<meta property=\"og:description\" content=\"Aper\u00e7u La Fondation canadienne du SGB\/PDIC offre une bourse de 10 000 $ pour un projet de recherche ax\u00e9 sur les patient\u00b7es, d\u2019une dur\u00e9e d\u2019un an. La personne ou l\u2019\u00e9quipe retenue devra collaborer avec les membres, le conseil d\u2019administration et le comit\u00e9 consultatif m\u00e9dical de la Fondation. Au besoin, la Fondation appuiera le recrutement de [&hellip;]\" \/>\n<meta property=\"og:url\" content=\"https:\/\/gbscidp.ca\/fr\/research\/grants\/\" \/>\n<meta property=\"og:site_name\" content=\"GBS\/CIDP Foundation\" \/>\n<meta property=\"article:modified_time\" content=\"2025-12-21T07:37:40+00:00\" \/>\n<meta name=\"twitter:card\" content=\"summary_large_image\" \/>\n<meta name=\"twitter:label1\" content=\"Dur\u00e9e de lecture estim\u00e9e\" \/>\n\t<meta name=\"twitter:data1\" content=\"2 minutes\" \/>\n<script type=\"application\/ld+json\" class=\"yoast-schema-graph\">{\"@context\":\"https:\\\/\\\/schema.org\",\"@graph\":[{\"@type\":\"WebPage\",\"@id\":\"https:\\\/\\\/gbscidp.ca\\\/fr\\\/research\\\/grants\\\/\",\"url\":\"https:\\\/\\\/gbscidp.ca\\\/fr\\\/research\\\/grants\\\/\",\"name\":\"Appel de candidatures - programme de bourses - GBS\\\/CIDP Foundation\",\"isPartOf\":{\"@id\":\"https:\\\/\\\/gbscidp.ca\\\/#website\"},\"datePublished\":\"2025-12-17T17:37:44+00:00\",\"dateModified\":\"2025-12-21T07:37:40+00:00\",\"breadcrumb\":{\"@id\":\"https:\\\/\\\/gbscidp.ca\\\/fr\\\/research\\\/grants\\\/#breadcrumb\"},\"inLanguage\":\"fr-FR\",\"potentialAction\":[{\"@type\":\"ReadAction\",\"target\":[\"https:\\\/\\\/gbscidp.ca\\\/fr\\\/research\\\/grants\\\/\"]}]},{\"@type\":\"BreadcrumbList\",\"@id\":\"https:\\\/\\\/gbscidp.ca\\\/fr\\\/research\\\/grants\\\/#breadcrumb\",\"itemListElement\":[{\"@type\":\"ListItem\",\"position\":1,\"name\":\"Home\",\"item\":\"https:\\\/\\\/gbscidp.ca\\\/fr\\\/\"},{\"@type\":\"ListItem\",\"position\":2,\"name\":\"Recherche\",\"item\":\"https:\\\/\\\/gbscidp.ca\\\/fr\\\/research\\\/\"},{\"@type\":\"ListItem\",\"position\":3,\"name\":\"Appel de candidatures &#8211; programme de bourses\"}]},{\"@type\":\"WebSite\",\"@id\":\"https:\\\/\\\/gbscidp.ca\\\/#website\",\"url\":\"https:\\\/\\\/gbscidp.ca\\\/\",\"name\":\"GBS\\\/CIDP Foundation\",\"description\":\"\",\"publisher\":{\"@id\":\"https:\\\/\\\/gbscidp.ca\\\/#organization\"},\"potentialAction\":[{\"@type\":\"SearchAction\",\"target\":{\"@type\":\"EntryPoint\",\"urlTemplate\":\"https:\\\/\\\/gbscidp.ca\\\/?s={search_term_string}\"},\"query-input\":{\"@type\":\"PropertyValueSpecification\",\"valueRequired\":true,\"valueName\":\"search_term_string\"}}],\"inLanguage\":\"fr-FR\"},{\"@type\":\"Organization\",\"@id\":\"https:\\\/\\\/gbscidp.ca\\\/#organization\",\"name\":\"GBS\\\/CIDP Foundation\",\"url\":\"https:\\\/\\\/gbscidp.ca\\\/\",\"logo\":{\"@type\":\"ImageObject\",\"inLanguage\":\"fr-FR\",\"@id\":\"https:\\\/\\\/gbscidp.ca\\\/#\\\/schema\\\/logo\\\/image\\\/\",\"url\":\"https:\\\/\\\/gbscidp.ca\\\/wp-content\\\/uploads\\\/2022\\\/09\\\/gbs-logo-colour.svg\",\"contentUrl\":\"https:\\\/\\\/gbscidp.ca\\\/wp-content\\\/uploads\\\/2022\\\/09\\\/gbs-logo-colour.svg\",\"caption\":\"GBS\\\/CIDP Foundation\"},\"image\":{\"@id\":\"https:\\\/\\\/gbscidp.ca\\\/#\\\/schema\\\/logo\\\/image\\\/\"}}]}<\/script>\n<!-- \/ Yoast SEO plugin. -->","yoast_head_json":{"title":"Appel de candidatures - programme de bourses - GBS\/CIDP Foundation","robots":{"index":"index","follow":"follow","max-snippet":"max-snippet:-1","max-image-preview":"max-image-preview:large","max-video-preview":"max-video-preview:-1"},"canonical":"https:\/\/gbscidp.ca\/fr\/research\/grants\/","og_locale":"fr_FR","og_type":"article","og_title":"Appel de candidatures - programme de bourses - GBS\/CIDP Foundation","og_description":"Aper\u00e7u La Fondation canadienne du SGB\/PDIC offre une bourse de 10 000 $ pour un projet de recherche ax\u00e9 sur les patient\u00b7es, d\u2019une dur\u00e9e d\u2019un an. La personne ou l\u2019\u00e9quipe retenue devra collaborer avec les membres, le conseil d\u2019administration et le comit\u00e9 consultatif m\u00e9dical de la Fondation. Au besoin, la Fondation appuiera le recrutement de [&hellip;]","og_url":"https:\/\/gbscidp.ca\/fr\/research\/grants\/","og_site_name":"GBS\/CIDP Foundation","article_modified_time":"2025-12-21T07:37:40+00:00","twitter_card":"summary_large_image","twitter_misc":{"Dur\u00e9e de lecture estim\u00e9e":"2 minutes"},"schema":{"@context":"https:\/\/schema.org","@graph":[{"@type":"WebPage","@id":"https:\/\/gbscidp.ca\/fr\/research\/grants\/","url":"https:\/\/gbscidp.ca\/fr\/research\/grants\/","name":"Appel de candidatures - programme de bourses - GBS\/CIDP Foundation","isPartOf":{"@id":"https:\/\/gbscidp.ca\/#website"},"datePublished":"2025-12-17T17:37:44+00:00","dateModified":"2025-12-21T07:37:40+00:00","breadcrumb":{"@id":"https:\/\/gbscidp.ca\/fr\/research\/grants\/#breadcrumb"},"inLanguage":"fr-FR","potentialAction":[{"@type":"ReadAction","target":["https:\/\/gbscidp.ca\/fr\/research\/grants\/"]}]},{"@type":"BreadcrumbList","@id":"https:\/\/gbscidp.ca\/fr\/research\/grants\/#breadcrumb","itemListElement":[{"@type":"ListItem","position":1,"name":"Home","item":"https:\/\/gbscidp.ca\/fr\/"},{"@type":"ListItem","position":2,"name":"Recherche","item":"https:\/\/gbscidp.ca\/fr\/research\/"},{"@type":"ListItem","position":3,"name":"Appel de candidatures &#8211; programme de bourses"}]},{"@type":"WebSite","@id":"https:\/\/gbscidp.ca\/#website","url":"https:\/\/gbscidp.ca\/","name":"GBS\/CIDP Foundation","description":"","publisher":{"@id":"https:\/\/gbscidp.ca\/#organization"},"potentialAction":[{"@type":"SearchAction","target":{"@type":"EntryPoint","urlTemplate":"https:\/\/gbscidp.ca\/?s={search_term_string}"},"query-input":{"@type":"PropertyValueSpecification","valueRequired":true,"valueName":"search_term_string"}}],"inLanguage":"fr-FR"},{"@type":"Organization","@id":"https:\/\/gbscidp.ca\/#organization","name":"GBS\/CIDP Foundation","url":"https:\/\/gbscidp.ca\/","logo":{"@type":"ImageObject","inLanguage":"fr-FR","@id":"https:\/\/gbscidp.ca\/#\/schema\/logo\/image\/","url":"https:\/\/gbscidp.ca\/wp-content\/uploads\/2022\/09\/gbs-logo-colour.svg","contentUrl":"https:\/\/gbscidp.ca\/wp-content\/uploads\/2022\/09\/gbs-logo-colour.svg","caption":"GBS\/CIDP Foundation"},"image":{"@id":"https:\/\/gbscidp.ca\/#\/schema\/logo\/image\/"}}]}},"_links":{"self":[{"href":"https:\/\/gbscidp.ca\/fr\/wp-json\/wp\/v2\/pages\/4404","targetHints":{"allow":["GET"]}}],"collection":[{"href":"https:\/\/gbscidp.ca\/fr\/wp-json\/wp\/v2\/pages"}],"about":[{"href":"https:\/\/gbscidp.ca\/fr\/wp-json\/wp\/v2\/types\/page"}],"author":[{"embeddable":true,"href":"https:\/\/gbscidp.ca\/fr\/wp-json\/wp\/v2\/users\/1"}],"replies":[{"embeddable":true,"href":"https:\/\/gbscidp.ca\/fr\/wp-json\/wp\/v2\/comments?post=4404"}],"version-history":[{"count":4,"href":"https:\/\/gbscidp.ca\/fr\/wp-json\/wp\/v2\/pages\/4404\/revisions"}],"predecessor-version":[{"id":4444,"href":"https:\/\/gbscidp.ca\/fr\/wp-json\/wp\/v2\/pages\/4404\/revisions\/4444"}],"up":[{"embeddable":true,"href":"https:\/\/gbscidp.ca\/fr\/wp-json\/wp\/v2\/pages\/4417"}],"wp:attachment":[{"href":"https:\/\/gbscidp.ca\/fr\/wp-json\/wp\/v2\/media?parent=4404"}],"curies":[{"name":"wp","href":"https:\/\/api.w.org\/{rel}","templated":true}]}}