{"id":4361,"date":"2025-12-03T21:25:47","date_gmt":"2025-12-03T21:25:47","guid":{"rendered":"https:\/\/gbscidp.ca\/copyright-notice\/"},"modified":"2025-12-03T21:28:03","modified_gmt":"2025-12-03T21:28:03","slug":"copyright-notice","status":"publish","type":"page","link":"https:\/\/gbscidp.ca\/fr\/copyright-notice\/","title":{"rendered":"Copyright Notice"},"content":{"rendered":"<div style=\"text-align: left;\">\n<h3 style=\"margin-bottom:0.75rem\">AVIS DE NON-RESPONSABILIT\u00c9 &#038; AVIS DE DROIT D\u2019AUTEUR ET DE DROITS EXCLUSIFS<\/h3>\n<p>\u00a9 Fondation canadienne du SGB\/PDIC\u00a02025 \u2013 Tous droits r\u00e9serv\u00e9s.<\/p>\n<p>Ce site Web et les renseignements qu\u2019il contient sont la propri\u00e9t\u00e9 exclusive de la Fondation canadienne du SGB\/PDIC (l\u2019\u00ab\u00a0Organisme\u00a0\u00bb) et de ses donneurs de licence et ils ne peuvent \u00eatre utilis\u00e9s, pris comme r\u00e9f\u00e9rence, reproduits, copi\u00e9s, publi\u00e9s, distribu\u00e9s, vendus, lou\u00e9s, pr\u00eat\u00e9s, alt\u00e9r\u00e9s, stock\u00e9s dans un syst\u00e8me d\u2019archivage \u00e9lectronique, transmis sous quelque forme et par quelque moyen que ce soit, ou autrement exploit\u00e9s \u00e0 quelque fin que ce soit, \u00e0 moins d\u2019avoir obtenu la permission \u00e9crite de l\u2019Organisme. Il est entendu que les textes, dessins, images, vid\u00e9os et descriptions techniques qui y figurent n\u2019ont qu\u2019une fonction d\u2019illustration et d\u2019information et ne peuvent pas \u00eatre utilis\u00e9s \u00e0 d\u2019autres fins.<\/p>\n<p>Bien que des efforts raisonnables aient \u00e9t\u00e9 d\u00e9ploy\u00e9s pour que l\u2019information contenue dans ce site Web soit exacte et \u00e0 jour, l\u2019Organisme n\u2019assume aucune responsabilit\u00e9 en cas d\u2019erreurs ou d\u2019omissions. Le site Web, ainsi que toute information qu\u2019il contient, sont strictement fournis \u00ab\u00a0tels quels\u00a0\u00bb et \u00ab\u00a0avec leurs d\u00e9fauts\u00a0\u00bb. Les modifications et corrections apport\u00e9es \u00e0 l\u2019information contenue dans le site Web peuvent \u00eatre int\u00e9gr\u00e9es aux versions futures des pr\u00e9sentes. Sauf accord contraire express\u00e9ment stipul\u00e9 par \u00e9crit par l\u2019Organisme, les renseignements contenus sur le site Web sont fournis sans aucune d\u00e9claration, garantie ou condition expresse, l\u00e9gale ou implicite, qui sont toutes rejet\u00e9es par les pr\u00e9sentes, et ni les auteurs, ni l\u2019Organisme ou ses conc\u00e9dants de licence ne pourront \u00eatre tenus responsables des dommages ou des responsabilit\u00e9s ayant pour origine ou pour cause l\u2019utilisation du site Web ou la confiance accord\u00e9e \u00e0 celui-ci ou aux renseignements qu\u2019il contient. L\u2019utilisation du site Web et des renseignements qu\u2019il contient est aux seuls risques du destinataire. L\u2019Organisme d\u00e9cline toute responsabilit\u00e9 quant aux modifications, ajouts ou suppressions \u00e0 la version originale du site Web fournie par l\u2019Organisme, sauf si ces modifications, ajouts ou suppressions ont \u00e9t\u00e9 effectu\u00e9s par l\u2019Organisme.\n<\/p><\/div>\n","protected":false},"excerpt":{"rendered":"<p>AVIS DE NON-RESPONSABILIT\u00c9 &#038; AVIS DE DROIT D\u2019AUTEUR ET DE DROITS EXCLUSIFS \u00a9 Fondation canadienne du SGB\/PDIC\u00a02025 \u2013 Tous droits r\u00e9serv\u00e9s. Ce site Web et les renseignements qu\u2019il contient sont la propri\u00e9t\u00e9 exclusive de la Fondation canadienne du SGB\/PDIC (l\u2019\u00ab\u00a0Organisme\u00a0\u00bb) et de ses donneurs de licence et ils ne peuvent \u00eatre utilis\u00e9s, pris comme r\u00e9f\u00e9rence, [&hellip;]<\/p>\n","protected":false},"author":1,"featured_media":0,"parent":0,"menu_order":0,"comment_status":"closed","ping_status":"closed","template":"","meta":{"_acf_changed":false,"inline_featured_image":false,"footnotes":""},"class_list":["post-4361","page","type-page","status-publish","hentry"],"acf":[],"yoast_head":"<!-- This site is optimized with the Yoast SEO plugin v27.4 - https:\/\/yoast.com\/product\/yoast-seo-wordpress\/ -->\n<title>Copyright Notice - GBS\/CIDP Foundation<\/title>\n<meta name=\"robots\" content=\"index, follow, max-snippet:-1, max-image-preview:large, max-video-preview:-1\" \/>\n<link rel=\"canonical\" href=\"https:\/\/gbscidp.ca\/fr\/copyright-notice\/\" \/>\n<meta property=\"og:locale\" content=\"fr_FR\" \/>\n<meta property=\"og:type\" content=\"article\" \/>\n<meta property=\"og:title\" content=\"Copyright Notice - GBS\/CIDP Foundation\" \/>\n<meta property=\"og:description\" content=\"AVIS DE NON-RESPONSABILIT\u00c9 &#038; AVIS DE DROIT D\u2019AUTEUR ET DE DROITS EXCLUSIFS \u00a9 Fondation canadienne du SGB\/PDIC\u00a02025 \u2013 Tous droits r\u00e9serv\u00e9s. Ce site Web et les renseignements qu\u2019il contient sont la propri\u00e9t\u00e9 exclusive de la Fondation canadienne du SGB\/PDIC (l\u2019\u00ab\u00a0Organisme\u00a0\u00bb) et de ses donneurs de licence et ils ne peuvent \u00eatre utilis\u00e9s, pris comme r\u00e9f\u00e9rence, [&hellip;]\" \/>\n<meta property=\"og:url\" content=\"https:\/\/gbscidp.ca\/fr\/copyright-notice\/\" \/>\n<meta property=\"og:site_name\" content=\"GBS\/CIDP Foundation\" \/>\n<meta property=\"article:modified_time\" content=\"2025-12-03T21:28:03+00:00\" \/>\n<meta name=\"twitter:card\" content=\"summary_large_image\" \/>\n<meta name=\"twitter:label1\" content=\"Dur\u00e9e de lecture estim\u00e9e\" \/>\n\t<meta name=\"twitter:data1\" content=\"2 minutes\" \/>\n<script type=\"application\/ld+json\" class=\"yoast-schema-graph\">{\"@context\":\"https:\\\/\\\/schema.org\",\"@graph\":[{\"@type\":\"WebPage\",\"@id\":\"https:\\\/\\\/gbscidp.ca\\\/fr\\\/copyright-notice\\\/\",\"url\":\"https:\\\/\\\/gbscidp.ca\\\/fr\\\/copyright-notice\\\/\",\"name\":\"Copyright Notice - GBS\\\/CIDP Foundation\",\"isPartOf\":{\"@id\":\"https:\\\/\\\/gbscidp.ca\\\/#website\"},\"datePublished\":\"2025-12-03T21:25:47+00:00\",\"dateModified\":\"2025-12-03T21:28:03+00:00\",\"breadcrumb\":{\"@id\":\"https:\\\/\\\/gbscidp.ca\\\/fr\\\/copyright-notice\\\/#breadcrumb\"},\"inLanguage\":\"fr-FR\",\"potentialAction\":[{\"@type\":\"ReadAction\",\"target\":[\"https:\\\/\\\/gbscidp.ca\\\/fr\\\/copyright-notice\\\/\"]}]},{\"@type\":\"BreadcrumbList\",\"@id\":\"https:\\\/\\\/gbscidp.ca\\\/fr\\\/copyright-notice\\\/#breadcrumb\",\"itemListElement\":[{\"@type\":\"ListItem\",\"position\":1,\"name\":\"Home\",\"item\":\"https:\\\/\\\/gbscidp.ca\\\/fr\\\/\"},{\"@type\":\"ListItem\",\"position\":2,\"name\":\"Copyright Notice\"}]},{\"@type\":\"WebSite\",\"@id\":\"https:\\\/\\\/gbscidp.ca\\\/#website\",\"url\":\"https:\\\/\\\/gbscidp.ca\\\/\",\"name\":\"GBS\\\/CIDP Foundation\",\"description\":\"\",\"publisher\":{\"@id\":\"https:\\\/\\\/gbscidp.ca\\\/#organization\"},\"potentialAction\":[{\"@type\":\"SearchAction\",\"target\":{\"@type\":\"EntryPoint\",\"urlTemplate\":\"https:\\\/\\\/gbscidp.ca\\\/?s={search_term_string}\"},\"query-input\":{\"@type\":\"PropertyValueSpecification\",\"valueRequired\":true,\"valueName\":\"search_term_string\"}}],\"inLanguage\":\"fr-FR\"},{\"@type\":\"Organization\",\"@id\":\"https:\\\/\\\/gbscidp.ca\\\/#organization\",\"name\":\"GBS\\\/CIDP Foundation\",\"url\":\"https:\\\/\\\/gbscidp.ca\\\/\",\"logo\":{\"@type\":\"ImageObject\",\"inLanguage\":\"fr-FR\",\"@id\":\"https:\\\/\\\/gbscidp.ca\\\/#\\\/schema\\\/logo\\\/image\\\/\",\"url\":\"https:\\\/\\\/gbscidp.ca\\\/wp-content\\\/uploads\\\/2022\\\/09\\\/gbs-logo-colour.svg\",\"contentUrl\":\"https:\\\/\\\/gbscidp.ca\\\/wp-content\\\/uploads\\\/2022\\\/09\\\/gbs-logo-colour.svg\",\"caption\":\"GBS\\\/CIDP Foundation\"},\"image\":{\"@id\":\"https:\\\/\\\/gbscidp.ca\\\/#\\\/schema\\\/logo\\\/image\\\/\"}}]}<\/script>\n<!-- \/ Yoast SEO plugin. -->","yoast_head_json":{"title":"Copyright Notice - GBS\/CIDP Foundation","robots":{"index":"index","follow":"follow","max-snippet":"max-snippet:-1","max-image-preview":"max-image-preview:large","max-video-preview":"max-video-preview:-1"},"canonical":"https:\/\/gbscidp.ca\/fr\/copyright-notice\/","og_locale":"fr_FR","og_type":"article","og_title":"Copyright Notice - GBS\/CIDP Foundation","og_description":"AVIS DE NON-RESPONSABILIT\u00c9 &#038; AVIS DE DROIT D\u2019AUTEUR ET DE DROITS EXCLUSIFS \u00a9 Fondation canadienne du SGB\/PDIC\u00a02025 \u2013 Tous droits r\u00e9serv\u00e9s. Ce site Web et les renseignements qu\u2019il contient sont la propri\u00e9t\u00e9 exclusive de la Fondation canadienne du SGB\/PDIC (l\u2019\u00ab\u00a0Organisme\u00a0\u00bb) et de ses donneurs de licence et ils ne peuvent \u00eatre utilis\u00e9s, pris comme r\u00e9f\u00e9rence, [&hellip;]","og_url":"https:\/\/gbscidp.ca\/fr\/copyright-notice\/","og_site_name":"GBS\/CIDP Foundation","article_modified_time":"2025-12-03T21:28:03+00:00","twitter_card":"summary_large_image","twitter_misc":{"Dur\u00e9e de lecture estim\u00e9e":"2 minutes"},"schema":{"@context":"https:\/\/schema.org","@graph":[{"@type":"WebPage","@id":"https:\/\/gbscidp.ca\/fr\/copyright-notice\/","url":"https:\/\/gbscidp.ca\/fr\/copyright-notice\/","name":"Copyright Notice - GBS\/CIDP Foundation","isPartOf":{"@id":"https:\/\/gbscidp.ca\/#website"},"datePublished":"2025-12-03T21:25:47+00:00","dateModified":"2025-12-03T21:28:03+00:00","breadcrumb":{"@id":"https:\/\/gbscidp.ca\/fr\/copyright-notice\/#breadcrumb"},"inLanguage":"fr-FR","potentialAction":[{"@type":"ReadAction","target":["https:\/\/gbscidp.ca\/fr\/copyright-notice\/"]}]},{"@type":"BreadcrumbList","@id":"https:\/\/gbscidp.ca\/fr\/copyright-notice\/#breadcrumb","itemListElement":[{"@type":"ListItem","position":1,"name":"Home","item":"https:\/\/gbscidp.ca\/fr\/"},{"@type":"ListItem","position":2,"name":"Copyright Notice"}]},{"@type":"WebSite","@id":"https:\/\/gbscidp.ca\/#website","url":"https:\/\/gbscidp.ca\/","name":"GBS\/CIDP Foundation","description":"","publisher":{"@id":"https:\/\/gbscidp.ca\/#organization"},"potentialAction":[{"@type":"SearchAction","target":{"@type":"EntryPoint","urlTemplate":"https:\/\/gbscidp.ca\/?s={search_term_string}"},"query-input":{"@type":"PropertyValueSpecification","valueRequired":true,"valueName":"search_term_string"}}],"inLanguage":"fr-FR"},{"@type":"Organization","@id":"https:\/\/gbscidp.ca\/#organization","name":"GBS\/CIDP Foundation","url":"https:\/\/gbscidp.ca\/","logo":{"@type":"ImageObject","inLanguage":"fr-FR","@id":"https:\/\/gbscidp.ca\/#\/schema\/logo\/image\/","url":"https:\/\/gbscidp.ca\/wp-content\/uploads\/2022\/09\/gbs-logo-colour.svg","contentUrl":"https:\/\/gbscidp.ca\/wp-content\/uploads\/2022\/09\/gbs-logo-colour.svg","caption":"GBS\/CIDP Foundation"},"image":{"@id":"https:\/\/gbscidp.ca\/#\/schema\/logo\/image\/"}}]}},"_links":{"self":[{"href":"https:\/\/gbscidp.ca\/fr\/wp-json\/wp\/v2\/pages\/4361","targetHints":{"allow":["GET"]}}],"collection":[{"href":"https:\/\/gbscidp.ca\/fr\/wp-json\/wp\/v2\/pages"}],"about":[{"href":"https:\/\/gbscidp.ca\/fr\/wp-json\/wp\/v2\/types\/page"}],"author":[{"embeddable":true,"href":"https:\/\/gbscidp.ca\/fr\/wp-json\/wp\/v2\/users\/1"}],"replies":[{"embeddable":true,"href":"https:\/\/gbscidp.ca\/fr\/wp-json\/wp\/v2\/comments?post=4361"}],"version-history":[{"count":2,"href":"https:\/\/gbscidp.ca\/fr\/wp-json\/wp\/v2\/pages\/4361\/revisions"}],"predecessor-version":[{"id":4366,"href":"https:\/\/gbscidp.ca\/fr\/wp-json\/wp\/v2\/pages\/4361\/revisions\/4366"}],"wp:attachment":[{"href":"https:\/\/gbscidp.ca\/fr\/wp-json\/wp\/v2\/media?parent=4361"}],"curies":[{"name":"wp","href":"https:\/\/api.w.org\/{rel}","templated":true}]}}