{"id":3571,"date":"2022-11-28T17:18:10","date_gmt":"2022-11-28T17:18:10","guid":{"rendered":"https:\/\/gbscidp.ca\/new\/resources\/publications\/"},"modified":"2026-01-13T14:28:27","modified_gmt":"2026-01-13T14:28:27","slug":"publications","status":"publish","type":"page","link":"https:\/\/gbscidp.ca\/fr\/resources\/publications\/","title":{"rendered":"Publications"},"content":{"rendered":"<p><span style=\"font-weight: 400;\">Envie d\u2019en savoir plus sur le SGB, la PDIC, la NMM et leurs variantes?<\/span><\/p>\n<p><span style=\"font-weight: 400;\">Parcourez notre collection d\u2019articles m\u00e9dicaux, de d\u00e9pliants sur les sympt\u00f4mes, d\u2019infographies et bien plus pour mieux comprendre ces conditions. Toutes nos publications sont r\u00e9vis\u00e9es par des membres du comit\u00e9 consultatif m\u00e9dical de la Fondation ou par des sp\u00e9cialistes de la sant\u00e9.<\/span><\/p>\n","protected":false},"excerpt":{"rendered":"<p>Envie d\u2019en savoir plus sur le SGB, la PDIC, la NMM et leurs variantes? Parcourez notre collection d\u2019articles m\u00e9dicaux, de d\u00e9pliants sur les sympt\u00f4mes, d\u2019infographies et bien plus pour mieux comprendre ces conditions. Toutes nos publications sont r\u00e9vis\u00e9es par des membres du comit\u00e9 consultatif m\u00e9dical de la Fondation ou par des sp\u00e9cialistes de la sant\u00e9.<\/p>\n","protected":false},"author":1,"featured_media":0,"parent":2137,"menu_order":0,"comment_status":"closed","ping_status":"closed","template":"","meta":{"_acf_changed":false,"inline_featured_image":false,"footnotes":""},"class_list":["post-3571","page","type-page","status-publish","hentry"],"acf":[],"yoast_head":"<!-- This site is optimized with the Yoast SEO plugin v27.4 - https:\/\/yoast.com\/product\/yoast-seo-wordpress\/ -->\n<title>Publications - GBS\/CIDP Foundation<\/title>\n<meta name=\"robots\" content=\"index, follow, max-snippet:-1, max-image-preview:large, max-video-preview:-1\" \/>\n<link rel=\"canonical\" href=\"https:\/\/gbscidp.ca\/fr\/resources\/publications\/\" \/>\n<meta property=\"og:locale\" content=\"fr_FR\" \/>\n<meta property=\"og:type\" content=\"article\" \/>\n<meta property=\"og:title\" content=\"Publications - GBS\/CIDP Foundation\" \/>\n<meta property=\"og:description\" content=\"Envie d\u2019en savoir plus sur le SGB, la PDIC, la NMM et leurs variantes? Parcourez notre collection d\u2019articles m\u00e9dicaux, de d\u00e9pliants sur les sympt\u00f4mes, d\u2019infographies et bien plus pour mieux comprendre ces conditions. Toutes nos publications sont r\u00e9vis\u00e9es par des membres du comit\u00e9 consultatif m\u00e9dical de la Fondation ou par des sp\u00e9cialistes de la sant\u00e9.\" \/>\n<meta property=\"og:url\" content=\"https:\/\/gbscidp.ca\/fr\/resources\/publications\/\" \/>\n<meta property=\"og:site_name\" content=\"GBS\/CIDP Foundation\" \/>\n<meta property=\"article:modified_time\" content=\"2026-01-13T14:28:27+00:00\" \/>\n<meta name=\"twitter:card\" content=\"summary_large_image\" \/>\n<meta name=\"twitter:label1\" content=\"Dur\u00e9e de lecture estim\u00e9e\" \/>\n\t<meta name=\"twitter:data1\" content=\"1 minute\" \/>\n<script type=\"application\/ld+json\" class=\"yoast-schema-graph\">{\"@context\":\"https:\\\/\\\/schema.org\",\"@graph\":[{\"@type\":\"WebPage\",\"@id\":\"https:\\\/\\\/gbscidp.ca\\\/fr\\\/resources\\\/publications\\\/\",\"url\":\"https:\\\/\\\/gbscidp.ca\\\/fr\\\/resources\\\/publications\\\/\",\"name\":\"Publications - GBS\\\/CIDP Foundation\",\"isPartOf\":{\"@id\":\"https:\\\/\\\/gbscidp.ca\\\/#website\"},\"datePublished\":\"2022-11-28T17:18:10+00:00\",\"dateModified\":\"2026-01-13T14:28:27+00:00\",\"breadcrumb\":{\"@id\":\"https:\\\/\\\/gbscidp.ca\\\/fr\\\/resources\\\/publications\\\/#breadcrumb\"},\"inLanguage\":\"fr-FR\",\"potentialAction\":[{\"@type\":\"ReadAction\",\"target\":[\"https:\\\/\\\/gbscidp.ca\\\/fr\\\/resources\\\/publications\\\/\"]}]},{\"@type\":\"BreadcrumbList\",\"@id\":\"https:\\\/\\\/gbscidp.ca\\\/fr\\\/resources\\\/publications\\\/#breadcrumb\",\"itemListElement\":[{\"@type\":\"ListItem\",\"position\":1,\"name\":\"Home\",\"item\":\"https:\\\/\\\/gbscidp.ca\\\/fr\\\/\"},{\"@type\":\"ListItem\",\"position\":2,\"name\":\"Ressources\",\"item\":\"https:\\\/\\\/gbscidp.ca\\\/fr\\\/resources\\\/\"},{\"@type\":\"ListItem\",\"position\":3,\"name\":\"Publications\"}]},{\"@type\":\"WebSite\",\"@id\":\"https:\\\/\\\/gbscidp.ca\\\/#website\",\"url\":\"https:\\\/\\\/gbscidp.ca\\\/\",\"name\":\"GBS\\\/CIDP Foundation\",\"description\":\"\",\"publisher\":{\"@id\":\"https:\\\/\\\/gbscidp.ca\\\/#organization\"},\"potentialAction\":[{\"@type\":\"SearchAction\",\"target\":{\"@type\":\"EntryPoint\",\"urlTemplate\":\"https:\\\/\\\/gbscidp.ca\\\/?s={search_term_string}\"},\"query-input\":{\"@type\":\"PropertyValueSpecification\",\"valueRequired\":true,\"valueName\":\"search_term_string\"}}],\"inLanguage\":\"fr-FR\"},{\"@type\":\"Organization\",\"@id\":\"https:\\\/\\\/gbscidp.ca\\\/#organization\",\"name\":\"GBS\\\/CIDP Foundation\",\"url\":\"https:\\\/\\\/gbscidp.ca\\\/\",\"logo\":{\"@type\":\"ImageObject\",\"inLanguage\":\"fr-FR\",\"@id\":\"https:\\\/\\\/gbscidp.ca\\\/#\\\/schema\\\/logo\\\/image\\\/\",\"url\":\"https:\\\/\\\/gbscidp.ca\\\/wp-content\\\/uploads\\\/2022\\\/09\\\/gbs-logo-colour.svg\",\"contentUrl\":\"https:\\\/\\\/gbscidp.ca\\\/wp-content\\\/uploads\\\/2022\\\/09\\\/gbs-logo-colour.svg\",\"caption\":\"GBS\\\/CIDP Foundation\"},\"image\":{\"@id\":\"https:\\\/\\\/gbscidp.ca\\\/#\\\/schema\\\/logo\\\/image\\\/\"}}]}<\/script>\n<!-- \/ Yoast SEO plugin. -->","yoast_head_json":{"title":"Publications - GBS\/CIDP Foundation","robots":{"index":"index","follow":"follow","max-snippet":"max-snippet:-1","max-image-preview":"max-image-preview:large","max-video-preview":"max-video-preview:-1"},"canonical":"https:\/\/gbscidp.ca\/fr\/resources\/publications\/","og_locale":"fr_FR","og_type":"article","og_title":"Publications - GBS\/CIDP Foundation","og_description":"Envie d\u2019en savoir plus sur le SGB, la PDIC, la NMM et leurs variantes? Parcourez notre collection d\u2019articles m\u00e9dicaux, de d\u00e9pliants sur les sympt\u00f4mes, d\u2019infographies et bien plus pour mieux comprendre ces conditions. Toutes nos publications sont r\u00e9vis\u00e9es par des membres du comit\u00e9 consultatif m\u00e9dical de la Fondation ou par des sp\u00e9cialistes de la sant\u00e9.","og_url":"https:\/\/gbscidp.ca\/fr\/resources\/publications\/","og_site_name":"GBS\/CIDP Foundation","article_modified_time":"2026-01-13T14:28:27+00:00","twitter_card":"summary_large_image","twitter_misc":{"Dur\u00e9e de lecture estim\u00e9e":"1 minute"},"schema":{"@context":"https:\/\/schema.org","@graph":[{"@type":"WebPage","@id":"https:\/\/gbscidp.ca\/fr\/resources\/publications\/","url":"https:\/\/gbscidp.ca\/fr\/resources\/publications\/","name":"Publications - GBS\/CIDP Foundation","isPartOf":{"@id":"https:\/\/gbscidp.ca\/#website"},"datePublished":"2022-11-28T17:18:10+00:00","dateModified":"2026-01-13T14:28:27+00:00","breadcrumb":{"@id":"https:\/\/gbscidp.ca\/fr\/resources\/publications\/#breadcrumb"},"inLanguage":"fr-FR","potentialAction":[{"@type":"ReadAction","target":["https:\/\/gbscidp.ca\/fr\/resources\/publications\/"]}]},{"@type":"BreadcrumbList","@id":"https:\/\/gbscidp.ca\/fr\/resources\/publications\/#breadcrumb","itemListElement":[{"@type":"ListItem","position":1,"name":"Home","item":"https:\/\/gbscidp.ca\/fr\/"},{"@type":"ListItem","position":2,"name":"Ressources","item":"https:\/\/gbscidp.ca\/fr\/resources\/"},{"@type":"ListItem","position":3,"name":"Publications"}]},{"@type":"WebSite","@id":"https:\/\/gbscidp.ca\/#website","url":"https:\/\/gbscidp.ca\/","name":"GBS\/CIDP Foundation","description":"","publisher":{"@id":"https:\/\/gbscidp.ca\/#organization"},"potentialAction":[{"@type":"SearchAction","target":{"@type":"EntryPoint","urlTemplate":"https:\/\/gbscidp.ca\/?s={search_term_string}"},"query-input":{"@type":"PropertyValueSpecification","valueRequired":true,"valueName":"search_term_string"}}],"inLanguage":"fr-FR"},{"@type":"Organization","@id":"https:\/\/gbscidp.ca\/#organization","name":"GBS\/CIDP Foundation","url":"https:\/\/gbscidp.ca\/","logo":{"@type":"ImageObject","inLanguage":"fr-FR","@id":"https:\/\/gbscidp.ca\/#\/schema\/logo\/image\/","url":"https:\/\/gbscidp.ca\/wp-content\/uploads\/2022\/09\/gbs-logo-colour.svg","contentUrl":"https:\/\/gbscidp.ca\/wp-content\/uploads\/2022\/09\/gbs-logo-colour.svg","caption":"GBS\/CIDP Foundation"},"image":{"@id":"https:\/\/gbscidp.ca\/#\/schema\/logo\/image\/"}}]}},"_links":{"self":[{"href":"https:\/\/gbscidp.ca\/fr\/wp-json\/wp\/v2\/pages\/3571","targetHints":{"allow":["GET"]}}],"collection":[{"href":"https:\/\/gbscidp.ca\/fr\/wp-json\/wp\/v2\/pages"}],"about":[{"href":"https:\/\/gbscidp.ca\/fr\/wp-json\/wp\/v2\/types\/page"}],"author":[{"embeddable":true,"href":"https:\/\/gbscidp.ca\/fr\/wp-json\/wp\/v2\/users\/1"}],"replies":[{"embeddable":true,"href":"https:\/\/gbscidp.ca\/fr\/wp-json\/wp\/v2\/comments?post=3571"}],"version-history":[{"count":6,"href":"https:\/\/gbscidp.ca\/fr\/wp-json\/wp\/v2\/pages\/3571\/revisions"}],"predecessor-version":[{"id":4481,"href":"https:\/\/gbscidp.ca\/fr\/wp-json\/wp\/v2\/pages\/3571\/revisions\/4481"}],"up":[{"embeddable":true,"href":"https:\/\/gbscidp.ca\/fr\/wp-json\/wp\/v2\/pages\/2137"}],"wp:attachment":[{"href":"https:\/\/gbscidp.ca\/fr\/wp-json\/wp\/v2\/media?parent=3571"}],"curies":[{"name":"wp","href":"https:\/\/api.w.org\/{rel}","templated":true}]}}