{"id":3246,"date":"2025-10-16T14:32:05","date_gmt":"2025-10-16T14:32:05","guid":{"rendered":"https:\/\/gbscidp.ca\/new\/?page_id=3246"},"modified":"2025-10-23T13:08:57","modified_gmt":"2025-10-23T13:08:57","slug":"vision-sanaa-richard","status":"publish","type":"page","link":"https:\/\/gbscidp.ca\/fr\/vision-sanaa-richard\/","title":{"rendered":"Faire un don"},"content":{"rendered":"<h1>Combattons la PDIC et le SGB! Les dons sont DOUBL\u00c9S!<\/h1>\n<p><b>Richard et San\u00e2a portent une vision pleine d\u2019espoir:<\/b> que les personnes touch\u00e9es par la PDIC ou le SGB puissent obtenir un diagnostic rapidement, b\u00e9n\u00e9ficier de traitements plus efficaces, et qu\u2019un jour, un rem\u00e8de soit enfin trouv\u00e9.<\/p>\n","protected":false},"excerpt":{"rendered":"<p>Combattons la PDIC et le SGB! Les dons sont DOUBL\u00c9S! Richard et San\u00e2a portent une vision pleine d\u2019espoir: que les personnes touch\u00e9es par la PDIC ou le SGB puissent obtenir un diagnostic rapidement, b\u00e9n\u00e9ficier de traitements plus efficaces, et qu\u2019un jour, un rem\u00e8de soit enfin trouv\u00e9.<\/p>\n","protected":false},"author":1,"featured_media":3249,"parent":0,"menu_order":0,"comment_status":"closed","ping_status":"closed","template":"","meta":{"_acf_changed":false,"inline_featured_image":false,"footnotes":""},"class_list":["post-3246","page","type-page","status-publish","has-post-thumbnail","hentry"],"acf":[],"yoast_head":"<!-- This site is optimized with the Yoast SEO plugin v27.4 - https:\/\/yoast.com\/product\/yoast-seo-wordpress\/ -->\n<title>Faire un don - GBS\/CIDP Foundation<\/title>\n<meta name=\"robots\" content=\"index, follow, max-snippet:-1, max-image-preview:large, max-video-preview:-1\" \/>\n<link rel=\"canonical\" href=\"https:\/\/gbscidp.ca\/fr\/vision-sanaa-richard\/\" \/>\n<meta property=\"og:locale\" content=\"fr_FR\" \/>\n<meta property=\"og:type\" content=\"article\" \/>\n<meta property=\"og:title\" content=\"Faire un don - GBS\/CIDP Foundation\" \/>\n<meta property=\"og:description\" content=\"Combattons la PDIC et le SGB! Les dons sont DOUBL\u00c9S! Richard et San\u00e2a portent une vision pleine d\u2019espoir: que les personnes touch\u00e9es par la PDIC ou le SGB puissent obtenir un diagnostic rapidement, b\u00e9n\u00e9ficier de traitements plus efficaces, et qu\u2019un jour, un rem\u00e8de soit enfin trouv\u00e9.\" \/>\n<meta property=\"og:url\" content=\"https:\/\/gbscidp.ca\/fr\/vision-sanaa-richard\/\" \/>\n<meta property=\"og:site_name\" content=\"GBS\/CIDP Foundation\" \/>\n<meta property=\"article:modified_time\" content=\"2025-10-23T13:08:57+00:00\" \/>\n<meta property=\"og:image\" content=\"https:\/\/gbscidp.ca\/wp-content\/uploads\/2025\/07\/richard-scaled.jpg\" \/>\n\t<meta property=\"og:image:width\" content=\"2560\" \/>\n\t<meta property=\"og:image:height\" content=\"2292\" \/>\n\t<meta property=\"og:image:type\" content=\"image\/jpeg\" \/>\n<meta name=\"twitter:card\" content=\"summary_large_image\" \/>\n<meta name=\"twitter:label1\" content=\"Dur\u00e9e de lecture estim\u00e9e\" \/>\n\t<meta name=\"twitter:data1\" content=\"1 minute\" \/>\n<script type=\"application\/ld+json\" class=\"yoast-schema-graph\">{\"@context\":\"https:\\\/\\\/schema.org\",\"@graph\":[{\"@type\":\"WebPage\",\"@id\":\"https:\\\/\\\/gbscidp.ca\\\/fr\\\/vision-sanaa-richard\\\/\",\"url\":\"https:\\\/\\\/gbscidp.ca\\\/fr\\\/vision-sanaa-richard\\\/\",\"name\":\"Faire un don - GBS\\\/CIDP Foundation\",\"isPartOf\":{\"@id\":\"https:\\\/\\\/gbscidp.ca\\\/#website\"},\"primaryImageOfPage\":{\"@id\":\"https:\\\/\\\/gbscidp.ca\\\/fr\\\/vision-sanaa-richard\\\/#primaryimage\"},\"image\":{\"@id\":\"https:\\\/\\\/gbscidp.ca\\\/fr\\\/vision-sanaa-richard\\\/#primaryimage\"},\"thumbnailUrl\":\"https:\\\/\\\/gbscidp.ca\\\/wp-content\\\/uploads\\\/2025\\\/07\\\/richard-scaled.jpg\",\"datePublished\":\"2025-10-16T14:32:05+00:00\",\"dateModified\":\"2025-10-23T13:08:57+00:00\",\"breadcrumb\":{\"@id\":\"https:\\\/\\\/gbscidp.ca\\\/fr\\\/vision-sanaa-richard\\\/#breadcrumb\"},\"inLanguage\":\"fr-FR\",\"potentialAction\":[{\"@type\":\"ReadAction\",\"target\":[\"https:\\\/\\\/gbscidp.ca\\\/fr\\\/vision-sanaa-richard\\\/\"]}]},{\"@type\":\"ImageObject\",\"inLanguage\":\"fr-FR\",\"@id\":\"https:\\\/\\\/gbscidp.ca\\\/fr\\\/vision-sanaa-richard\\\/#primaryimage\",\"url\":\"https:\\\/\\\/gbscidp.ca\\\/wp-content\\\/uploads\\\/2025\\\/07\\\/richard-scaled.jpg\",\"contentUrl\":\"https:\\\/\\\/gbscidp.ca\\\/wp-content\\\/uploads\\\/2025\\\/07\\\/richard-scaled.jpg\",\"width\":2560,\"height\":2292},{\"@type\":\"BreadcrumbList\",\"@id\":\"https:\\\/\\\/gbscidp.ca\\\/fr\\\/vision-sanaa-richard\\\/#breadcrumb\",\"itemListElement\":[{\"@type\":\"ListItem\",\"position\":1,\"name\":\"Home\",\"item\":\"https:\\\/\\\/gbscidp.ca\\\/fr\\\/\"},{\"@type\":\"ListItem\",\"position\":2,\"name\":\"Faire un don\"}]},{\"@type\":\"WebSite\",\"@id\":\"https:\\\/\\\/gbscidp.ca\\\/#website\",\"url\":\"https:\\\/\\\/gbscidp.ca\\\/\",\"name\":\"GBS\\\/CIDP Foundation\",\"description\":\"\",\"publisher\":{\"@id\":\"https:\\\/\\\/gbscidp.ca\\\/#organization\"},\"potentialAction\":[{\"@type\":\"SearchAction\",\"target\":{\"@type\":\"EntryPoint\",\"urlTemplate\":\"https:\\\/\\\/gbscidp.ca\\\/?s={search_term_string}\"},\"query-input\":{\"@type\":\"PropertyValueSpecification\",\"valueRequired\":true,\"valueName\":\"search_term_string\"}}],\"inLanguage\":\"fr-FR\"},{\"@type\":\"Organization\",\"@id\":\"https:\\\/\\\/gbscidp.ca\\\/#organization\",\"name\":\"GBS\\\/CIDP Foundation\",\"url\":\"https:\\\/\\\/gbscidp.ca\\\/\",\"logo\":{\"@type\":\"ImageObject\",\"inLanguage\":\"fr-FR\",\"@id\":\"https:\\\/\\\/gbscidp.ca\\\/#\\\/schema\\\/logo\\\/image\\\/\",\"url\":\"https:\\\/\\\/gbscidp.ca\\\/wp-content\\\/uploads\\\/2022\\\/09\\\/gbs-logo-colour.svg\",\"contentUrl\":\"https:\\\/\\\/gbscidp.ca\\\/wp-content\\\/uploads\\\/2022\\\/09\\\/gbs-logo-colour.svg\",\"caption\":\"GBS\\\/CIDP Foundation\"},\"image\":{\"@id\":\"https:\\\/\\\/gbscidp.ca\\\/#\\\/schema\\\/logo\\\/image\\\/\"}}]}<\/script>\n<!-- \/ Yoast SEO plugin. -->","yoast_head_json":{"title":"Faire un don - GBS\/CIDP Foundation","robots":{"index":"index","follow":"follow","max-snippet":"max-snippet:-1","max-image-preview":"max-image-preview:large","max-video-preview":"max-video-preview:-1"},"canonical":"https:\/\/gbscidp.ca\/fr\/vision-sanaa-richard\/","og_locale":"fr_FR","og_type":"article","og_title":"Faire un don - GBS\/CIDP Foundation","og_description":"Combattons la PDIC et le SGB! Les dons sont DOUBL\u00c9S! Richard et San\u00e2a portent une vision pleine d\u2019espoir: que les personnes touch\u00e9es par la PDIC ou le SGB puissent obtenir un diagnostic rapidement, b\u00e9n\u00e9ficier de traitements plus efficaces, et qu\u2019un jour, un rem\u00e8de soit enfin trouv\u00e9.","og_url":"https:\/\/gbscidp.ca\/fr\/vision-sanaa-richard\/","og_site_name":"GBS\/CIDP Foundation","article_modified_time":"2025-10-23T13:08:57+00:00","og_image":[{"width":2560,"height":2292,"url":"https:\/\/gbscidp.ca\/wp-content\/uploads\/2025\/07\/richard-scaled.jpg","type":"image\/jpeg"}],"twitter_card":"summary_large_image","twitter_misc":{"Dur\u00e9e de lecture estim\u00e9e":"1 minute"},"schema":{"@context":"https:\/\/schema.org","@graph":[{"@type":"WebPage","@id":"https:\/\/gbscidp.ca\/fr\/vision-sanaa-richard\/","url":"https:\/\/gbscidp.ca\/fr\/vision-sanaa-richard\/","name":"Faire un don - GBS\/CIDP Foundation","isPartOf":{"@id":"https:\/\/gbscidp.ca\/#website"},"primaryImageOfPage":{"@id":"https:\/\/gbscidp.ca\/fr\/vision-sanaa-richard\/#primaryimage"},"image":{"@id":"https:\/\/gbscidp.ca\/fr\/vision-sanaa-richard\/#primaryimage"},"thumbnailUrl":"https:\/\/gbscidp.ca\/wp-content\/uploads\/2025\/07\/richard-scaled.jpg","datePublished":"2025-10-16T14:32:05+00:00","dateModified":"2025-10-23T13:08:57+00:00","breadcrumb":{"@id":"https:\/\/gbscidp.ca\/fr\/vision-sanaa-richard\/#breadcrumb"},"inLanguage":"fr-FR","potentialAction":[{"@type":"ReadAction","target":["https:\/\/gbscidp.ca\/fr\/vision-sanaa-richard\/"]}]},{"@type":"ImageObject","inLanguage":"fr-FR","@id":"https:\/\/gbscidp.ca\/fr\/vision-sanaa-richard\/#primaryimage","url":"https:\/\/gbscidp.ca\/wp-content\/uploads\/2025\/07\/richard-scaled.jpg","contentUrl":"https:\/\/gbscidp.ca\/wp-content\/uploads\/2025\/07\/richard-scaled.jpg","width":2560,"height":2292},{"@type":"BreadcrumbList","@id":"https:\/\/gbscidp.ca\/fr\/vision-sanaa-richard\/#breadcrumb","itemListElement":[{"@type":"ListItem","position":1,"name":"Home","item":"https:\/\/gbscidp.ca\/fr\/"},{"@type":"ListItem","position":2,"name":"Faire un don"}]},{"@type":"WebSite","@id":"https:\/\/gbscidp.ca\/#website","url":"https:\/\/gbscidp.ca\/","name":"GBS\/CIDP Foundation","description":"","publisher":{"@id":"https:\/\/gbscidp.ca\/#organization"},"potentialAction":[{"@type":"SearchAction","target":{"@type":"EntryPoint","urlTemplate":"https:\/\/gbscidp.ca\/?s={search_term_string}"},"query-input":{"@type":"PropertyValueSpecification","valueRequired":true,"valueName":"search_term_string"}}],"inLanguage":"fr-FR"},{"@type":"Organization","@id":"https:\/\/gbscidp.ca\/#organization","name":"GBS\/CIDP Foundation","url":"https:\/\/gbscidp.ca\/","logo":{"@type":"ImageObject","inLanguage":"fr-FR","@id":"https:\/\/gbscidp.ca\/#\/schema\/logo\/image\/","url":"https:\/\/gbscidp.ca\/wp-content\/uploads\/2022\/09\/gbs-logo-colour.svg","contentUrl":"https:\/\/gbscidp.ca\/wp-content\/uploads\/2022\/09\/gbs-logo-colour.svg","caption":"GBS\/CIDP Foundation"},"image":{"@id":"https:\/\/gbscidp.ca\/#\/schema\/logo\/image\/"}}]}},"_links":{"self":[{"href":"https:\/\/gbscidp.ca\/fr\/wp-json\/wp\/v2\/pages\/3246","targetHints":{"allow":["GET"]}}],"collection":[{"href":"https:\/\/gbscidp.ca\/fr\/wp-json\/wp\/v2\/pages"}],"about":[{"href":"https:\/\/gbscidp.ca\/fr\/wp-json\/wp\/v2\/types\/page"}],"author":[{"embeddable":true,"href":"https:\/\/gbscidp.ca\/fr\/wp-json\/wp\/v2\/users\/1"}],"replies":[{"embeddable":true,"href":"https:\/\/gbscidp.ca\/fr\/wp-json\/wp\/v2\/comments?post=3246"}],"version-history":[{"count":5,"href":"https:\/\/gbscidp.ca\/fr\/wp-json\/wp\/v2\/pages\/3246\/revisions"}],"predecessor-version":[{"id":3892,"href":"https:\/\/gbscidp.ca\/fr\/wp-json\/wp\/v2\/pages\/3246\/revisions\/3892"}],"wp:featuredmedia":[{"embeddable":true,"href":"https:\/\/gbscidp.ca\/fr\/wp-json\/wp\/v2\/media\/3249"}],"wp:attachment":[{"href":"https:\/\/gbscidp.ca\/fr\/wp-json\/wp\/v2\/media?parent=3246"}],"curies":[{"name":"wp","href":"https:\/\/api.w.org\/{rel}","templated":true}]}}