{"id":3010,"date":"2022-12-19T16:41:58","date_gmt":"2022-12-19T16:41:58","guid":{"rendered":"https:\/\/gbscidp.ca\/new\/about\/directors-advisors\/"},"modified":"2026-01-05T14:34:32","modified_gmt":"2026-01-05T14:34:32","slug":"directors-advisors","status":"publish","type":"page","link":"https:\/\/gbscidp.ca\/fr\/about\/directors-advisors\/","title":{"rendered":"La Direction"},"content":{"rendered":"<p><span style=\"font-weight: 400;\">La direction de la Fondation est d\u00e9termin\u00e9e \u00e0 appuyer les patient\u00b7es en faisant la promotion d\u2019un diagnostic pr\u00e9coce et de traitements am\u00e9lior\u00e9s. <\/span><\/p>\n<p><span style=\"font-weight: 400;\">Rencontrez les gens passionn\u00e9s qui font avancer la Fondation canadienne du SGB\/PDIC.<\/span><\/p>\n","protected":false},"excerpt":{"rendered":"<p>La direction de la Fondation est d\u00e9termin\u00e9e \u00e0 appuyer les patient\u00b7es en faisant la promotion d\u2019un diagnostic pr\u00e9coce et de traitements am\u00e9lior\u00e9s. Rencontrez les gens passionn\u00e9s qui font avancer la Fondation canadienne du SGB\/PDIC.<\/p>\n","protected":false},"author":1,"featured_media":0,"parent":1831,"menu_order":0,"comment_status":"closed","ping_status":"closed","template":"","meta":{"_acf_changed":false,"inline_featured_image":false,"footnotes":""},"class_list":["post-3010","page","type-page","status-publish","hentry"],"acf":[],"yoast_head":"<!-- This site is optimized with the Yoast SEO plugin v27.4 - https:\/\/yoast.com\/product\/yoast-seo-wordpress\/ -->\n<title>La Direction - GBS\/CIDP Foundation<\/title>\n<meta name=\"robots\" content=\"index, follow, max-snippet:-1, max-image-preview:large, max-video-preview:-1\" \/>\n<link rel=\"canonical\" href=\"https:\/\/gbscidp.ca\/fr\/about\/directors-advisors\/\" \/>\n<meta property=\"og:locale\" content=\"fr_FR\" \/>\n<meta property=\"og:type\" content=\"article\" \/>\n<meta property=\"og:title\" content=\"La Direction - GBS\/CIDP Foundation\" \/>\n<meta property=\"og:description\" content=\"La direction de la Fondation est d\u00e9termin\u00e9e \u00e0 appuyer les patient\u00b7es en faisant la promotion d\u2019un diagnostic pr\u00e9coce et de traitements am\u00e9lior\u00e9s. Rencontrez les gens passionn\u00e9s qui font avancer la Fondation canadienne du SGB\/PDIC.\" \/>\n<meta property=\"og:url\" content=\"https:\/\/gbscidp.ca\/fr\/about\/directors-advisors\/\" \/>\n<meta property=\"og:site_name\" content=\"GBS\/CIDP Foundation\" \/>\n<meta property=\"article:modified_time\" content=\"2026-01-05T14:34:32+00:00\" \/>\n<meta name=\"twitter:card\" content=\"summary_large_image\" \/>\n<meta name=\"twitter:label1\" content=\"Dur\u00e9e de lecture estim\u00e9e\" \/>\n\t<meta name=\"twitter:data1\" content=\"1 minute\" \/>\n<script type=\"application\/ld+json\" class=\"yoast-schema-graph\">{\"@context\":\"https:\\\/\\\/schema.org\",\"@graph\":[{\"@type\":\"WebPage\",\"@id\":\"https:\\\/\\\/gbscidp.ca\\\/fr\\\/about\\\/directors-advisors\\\/\",\"url\":\"https:\\\/\\\/gbscidp.ca\\\/fr\\\/about\\\/directors-advisors\\\/\",\"name\":\"La Direction - GBS\\\/CIDP Foundation\",\"isPartOf\":{\"@id\":\"https:\\\/\\\/gbscidp.ca\\\/#website\"},\"datePublished\":\"2022-12-19T16:41:58+00:00\",\"dateModified\":\"2026-01-05T14:34:32+00:00\",\"breadcrumb\":{\"@id\":\"https:\\\/\\\/gbscidp.ca\\\/fr\\\/about\\\/directors-advisors\\\/#breadcrumb\"},\"inLanguage\":\"fr-FR\",\"potentialAction\":[{\"@type\":\"ReadAction\",\"target\":[\"https:\\\/\\\/gbscidp.ca\\\/fr\\\/about\\\/directors-advisors\\\/\"]}]},{\"@type\":\"BreadcrumbList\",\"@id\":\"https:\\\/\\\/gbscidp.ca\\\/fr\\\/about\\\/directors-advisors\\\/#breadcrumb\",\"itemListElement\":[{\"@type\":\"ListItem\",\"position\":1,\"name\":\"Home\",\"item\":\"https:\\\/\\\/gbscidp.ca\\\/fr\\\/\"},{\"@type\":\"ListItem\",\"position\":2,\"name\":\"\u00c0 propos de nous\",\"item\":\"https:\\\/\\\/gbscidp.ca\\\/fr\\\/about\\\/\"},{\"@type\":\"ListItem\",\"position\":3,\"name\":\"La Direction\"}]},{\"@type\":\"WebSite\",\"@id\":\"https:\\\/\\\/gbscidp.ca\\\/#website\",\"url\":\"https:\\\/\\\/gbscidp.ca\\\/\",\"name\":\"GBS\\\/CIDP Foundation\",\"description\":\"\",\"publisher\":{\"@id\":\"https:\\\/\\\/gbscidp.ca\\\/#organization\"},\"potentialAction\":[{\"@type\":\"SearchAction\",\"target\":{\"@type\":\"EntryPoint\",\"urlTemplate\":\"https:\\\/\\\/gbscidp.ca\\\/?s={search_term_string}\"},\"query-input\":{\"@type\":\"PropertyValueSpecification\",\"valueRequired\":true,\"valueName\":\"search_term_string\"}}],\"inLanguage\":\"fr-FR\"},{\"@type\":\"Organization\",\"@id\":\"https:\\\/\\\/gbscidp.ca\\\/#organization\",\"name\":\"GBS\\\/CIDP Foundation\",\"url\":\"https:\\\/\\\/gbscidp.ca\\\/\",\"logo\":{\"@type\":\"ImageObject\",\"inLanguage\":\"fr-FR\",\"@id\":\"https:\\\/\\\/gbscidp.ca\\\/#\\\/schema\\\/logo\\\/image\\\/\",\"url\":\"https:\\\/\\\/gbscidp.ca\\\/wp-content\\\/uploads\\\/2022\\\/09\\\/gbs-logo-colour.svg\",\"contentUrl\":\"https:\\\/\\\/gbscidp.ca\\\/wp-content\\\/uploads\\\/2022\\\/09\\\/gbs-logo-colour.svg\",\"caption\":\"GBS\\\/CIDP Foundation\"},\"image\":{\"@id\":\"https:\\\/\\\/gbscidp.ca\\\/#\\\/schema\\\/logo\\\/image\\\/\"}}]}<\/script>\n<!-- \/ Yoast SEO plugin. -->","yoast_head_json":{"title":"La Direction - GBS\/CIDP Foundation","robots":{"index":"index","follow":"follow","max-snippet":"max-snippet:-1","max-image-preview":"max-image-preview:large","max-video-preview":"max-video-preview:-1"},"canonical":"https:\/\/gbscidp.ca\/fr\/about\/directors-advisors\/","og_locale":"fr_FR","og_type":"article","og_title":"La Direction - GBS\/CIDP Foundation","og_description":"La direction de la Fondation est d\u00e9termin\u00e9e \u00e0 appuyer les patient\u00b7es en faisant la promotion d\u2019un diagnostic pr\u00e9coce et de traitements am\u00e9lior\u00e9s. Rencontrez les gens passionn\u00e9s qui font avancer la Fondation canadienne du SGB\/PDIC.","og_url":"https:\/\/gbscidp.ca\/fr\/about\/directors-advisors\/","og_site_name":"GBS\/CIDP Foundation","article_modified_time":"2026-01-05T14:34:32+00:00","twitter_card":"summary_large_image","twitter_misc":{"Dur\u00e9e de lecture estim\u00e9e":"1 minute"},"schema":{"@context":"https:\/\/schema.org","@graph":[{"@type":"WebPage","@id":"https:\/\/gbscidp.ca\/fr\/about\/directors-advisors\/","url":"https:\/\/gbscidp.ca\/fr\/about\/directors-advisors\/","name":"La Direction - GBS\/CIDP Foundation","isPartOf":{"@id":"https:\/\/gbscidp.ca\/#website"},"datePublished":"2022-12-19T16:41:58+00:00","dateModified":"2026-01-05T14:34:32+00:00","breadcrumb":{"@id":"https:\/\/gbscidp.ca\/fr\/about\/directors-advisors\/#breadcrumb"},"inLanguage":"fr-FR","potentialAction":[{"@type":"ReadAction","target":["https:\/\/gbscidp.ca\/fr\/about\/directors-advisors\/"]}]},{"@type":"BreadcrumbList","@id":"https:\/\/gbscidp.ca\/fr\/about\/directors-advisors\/#breadcrumb","itemListElement":[{"@type":"ListItem","position":1,"name":"Home","item":"https:\/\/gbscidp.ca\/fr\/"},{"@type":"ListItem","position":2,"name":"\u00c0 propos de nous","item":"https:\/\/gbscidp.ca\/fr\/about\/"},{"@type":"ListItem","position":3,"name":"La Direction"}]},{"@type":"WebSite","@id":"https:\/\/gbscidp.ca\/#website","url":"https:\/\/gbscidp.ca\/","name":"GBS\/CIDP Foundation","description":"","publisher":{"@id":"https:\/\/gbscidp.ca\/#organization"},"potentialAction":[{"@type":"SearchAction","target":{"@type":"EntryPoint","urlTemplate":"https:\/\/gbscidp.ca\/?s={search_term_string}"},"query-input":{"@type":"PropertyValueSpecification","valueRequired":true,"valueName":"search_term_string"}}],"inLanguage":"fr-FR"},{"@type":"Organization","@id":"https:\/\/gbscidp.ca\/#organization","name":"GBS\/CIDP Foundation","url":"https:\/\/gbscidp.ca\/","logo":{"@type":"ImageObject","inLanguage":"fr-FR","@id":"https:\/\/gbscidp.ca\/#\/schema\/logo\/image\/","url":"https:\/\/gbscidp.ca\/wp-content\/uploads\/2022\/09\/gbs-logo-colour.svg","contentUrl":"https:\/\/gbscidp.ca\/wp-content\/uploads\/2022\/09\/gbs-logo-colour.svg","caption":"GBS\/CIDP Foundation"},"image":{"@id":"https:\/\/gbscidp.ca\/#\/schema\/logo\/image\/"}}]}},"_links":{"self":[{"href":"https:\/\/gbscidp.ca\/fr\/wp-json\/wp\/v2\/pages\/3010","targetHints":{"allow":["GET"]}}],"collection":[{"href":"https:\/\/gbscidp.ca\/fr\/wp-json\/wp\/v2\/pages"}],"about":[{"href":"https:\/\/gbscidp.ca\/fr\/wp-json\/wp\/v2\/types\/page"}],"author":[{"embeddable":true,"href":"https:\/\/gbscidp.ca\/fr\/wp-json\/wp\/v2\/users\/1"}],"replies":[{"embeddable":true,"href":"https:\/\/gbscidp.ca\/fr\/wp-json\/wp\/v2\/comments?post=3010"}],"version-history":[{"count":5,"href":"https:\/\/gbscidp.ca\/fr\/wp-json\/wp\/v2\/pages\/3010\/revisions"}],"predecessor-version":[{"id":4467,"href":"https:\/\/gbscidp.ca\/fr\/wp-json\/wp\/v2\/pages\/3010\/revisions\/4467"}],"up":[{"embeddable":true,"href":"https:\/\/gbscidp.ca\/fr\/wp-json\/wp\/v2\/pages\/1831"}],"wp:attachment":[{"href":"https:\/\/gbscidp.ca\/fr\/wp-json\/wp\/v2\/media?parent=3010"}],"curies":[{"name":"wp","href":"https:\/\/api.w.org\/{rel}","templated":true}]}}