{"id":2984,"date":"2025-04-10T19:41:59","date_gmt":"2025-04-10T19:41:59","guid":{"rendered":"https:\/\/gbscidp.ca\/new\/resources\/icu-toolkit\/"},"modified":"2026-03-16T09:48:47","modified_gmt":"2026-03-16T09:48:47","slug":"icu-toolkit","status":"publish","type":"page","link":"https:\/\/gbscidp.ca\/fr\/resources\/icu-toolkit\/","title":{"rendered":"Trousse d&rsquo;information sur les soins intensifs"},"content":{"rendered":"<h2>\u00c0 quoi s&rsquo;attendre: admission aux soins intensifs pour les personnes atteintes du SGB<\/h2>\n<h3><strong>Pourquoi une personne atteinte du SGB pourrait-elle \u00eatre admise \u00e0 l\u2019unit\u00e9 de soins intensifs ?<\/strong><\/h3>\n<p>Toutes les personnes atteintes du syndrome de Guillain-Barr\u00e9 (SGB) n\u2019ont pas besoin de soins intensifs. Toutefois, dans certains cas, la maladie peut nuire \u00e0 la respiration. Une admission aux soins intensifs permet alors une surveillance \u00e9troite et un soutien m\u00e9dical imm\u00e9diat, assur\u00e9 par une \u00e9quipe sp\u00e9cialis\u00e9e\u202f:<\/p>\n<ul>\n<li>Infirmier\u00b7\u00e8res en soins intensifs (soins 1:1 ou 1:2)<\/li>\n<li>Th\u00e9rapeutes respiratoires (surveillance respiratoire et soutien avec respirateur)<\/li>\n<li>M\u00e9decins intensivistes (sp\u00e9cialis\u00e9\u00b7es en soins intensifs)<\/li>\n<li>Physioth\u00e9rapeutes (mobilisation)<\/li>\n<li>Di\u00e9t\u00e9ticien\u00b7nes (soutien nutritionnel)<\/li>\n<li>Travailleur\u00b7euses sociaux\u00b7ales (soutien aux patient\u00b7es et aux familles)<\/li>\n<\/ul>\n<h3>\u00c0 quoi ressemble une chambre en soins intensifs<\/h3>\n<p class=\"\" data-start=\"344\" data-end=\"484\">Une chambre en soins intensifs est \u00e9quip\u00e9e d\u2019appareils m\u00e9dicaux sp\u00e9cialis\u00e9s con\u00e7us pour permettre une surveillance et des soins en continu :<\/p>\n<ul data-start=\"486\" data-end=\"789\">\n<li class=\"\" data-start=\"486\" data-end=\"551\">\n<p class=\"\" data-start=\"488\" data-end=\"551\">Lit d\u2019h\u00f4pital sp\u00e9cialis\u00e9 pour pr\u00e9venir les plaies de pression<\/p>\n<\/li>\n<li class=\"\" data-start=\"552\" data-end=\"652\">\n<p class=\"\" data-start=\"554\" data-end=\"652\">Moniteur cardiaque (fr\u00e9quence cardiaque, respiration, tension art\u00e9rielle, saturation en oxyg\u00e8ne)<\/p>\n<\/li>\n<li class=\"\" data-start=\"653\" data-end=\"721\">\n<p class=\"\" data-start=\"655\" data-end=\"721\">Pompes intraveineuses (IV) pour l\u2019hydratation et les m\u00e9dicaments<\/p>\n<\/li>\n<li class=\"\" data-start=\"722\" data-end=\"789\">\n<p class=\"\" data-start=\"724\" data-end=\"789\">Respirateur m\u00e9canique (si un soutien respiratoire est n\u00e9cessaire)<\/p>\n<\/li>\n<li class=\"\" data-start=\"722\" data-end=\"789\">\n<p class=\"\" data-start=\"724\" data-end=\"789\">Ces appareils peuvent sembler impressionnants, mais chacun joue un r\u00f4le important pour assurer s\u00e9curit\u00e9 et confort durant le r\u00e9tablissement.<\/p>\n<\/li>\n<\/ul>\n<p><!--<img decoding=\"async\" data-src=\"\/new\/wp-content\/uploads\/2025\/03\/IMG_1320-1024x768.jpg\" alt=\"\" width=\"1024\" class=\"smush-dimensions lazyload\" style=\"--smush-image-width: 1024px; --smush-image-aspect-ratio: 1024\/768;\" src=\"data:image\/svg+xml;base64,PHN2ZyB3aWR0aD0iMSIgaGVpZ2h0PSIxIiB4bWxucz0iaHR0cDovL3d3dy53My5vcmcvMjAwMC9zdmciPjwvc3ZnPg==\" \/>--><\/p>\n<h3>\u00c0 quoi s\u2019attendre en soins intensifs<\/h3>\n<p>Les unit\u00e9s de soins intensifs peuvent \u00eatre bruyantes en raison des alarmes des moniteurs cardiaques, des pompes intraveineuses et des respirateurs. Ces sons aident le personnel \u00e0 intervenir rapidement en cas de besoin.<\/p>\n<h3>Votre \u00e9quipe de soins en soins intensifs<\/h3>\n<ul>\n<li data-start=\"1265\" data-end=\"1408\">Les infirmier\u00b7\u00e8res vous aideront \u00e0 vous repositionner, \u00e0 maintenir une bonne hygi\u00e8ne, \u00e0 vous nourrir et \u00e0 prendre vos m\u00e9dicaments.<\/li>\n<li data-start=\"1265\" data-end=\"1408\">Les th\u00e9rapeutes respiratoires surveilleront votre respiration et ajusteront les appareils au besoin.<\/li>\n<li data-start=\"1516\" data-end=\"1584\">Les m\u00e9decins passeront chaque jour, ou plus souvent si n\u00e9cessaire.<\/li>\n<\/ul>\n<h3>Conseils pratiques pour un s\u00e9jour plus confortable<\/h3>\n<p class=\"\" data-start=\"1784\" data-end=\"1954\">Apporter quelques objets personnels peut rendre le s\u00e9jour plus agr\u00e9able. N\u2019h\u00e9sitez pas \u00e0 v\u00e9rifier avec le personnel ce qui est permis. Voici quelques suggestions utiles :<\/p>\n<ul data-start=\"1956\" data-end=\"2195\">\n<li class=\"\" data-start=\"1956\" data-end=\"2004\">\n<p class=\"\" data-start=\"1958\" data-end=\"2004\"><strong data-start=\"1958\" data-end=\"1979\">Objets de confort<\/strong> : oreiller, couverture<\/p>\n<\/li>\n<li class=\"\" data-start=\"2005\" data-end=\"2116\">\n<p class=\"\" data-start=\"2007\" data-end=\"2116\"><strong data-start=\"2007\" data-end=\"2041\">Articles d\u2019hygi\u00e8ne personnelle<\/strong> : brosse \u00e0 dents, dentifrice, savon, brosse \u00e0 cheveux, rasoir \u00e9lectrique<\/p>\n<\/li>\n<li class=\"\" data-start=\"2117\" data-end=\"2195\">\n<p class=\"\" data-start=\"2119\" data-end=\"2195\"><strong data-start=\"2119\" data-end=\"2140\">Objets personnels<\/strong> : photos, petite radio, horloge, t\u00e9l\u00e9phone ou tablette<\/p>\n<\/li>\n<\/ul>\n","protected":false},"excerpt":{"rendered":"<p>\u00c0 quoi s&rsquo;attendre: admission aux soins intensifs pour les personnes atteintes du SGB Pourquoi une personne atteinte du SGB pourrait-elle \u00eatre admise \u00e0 l\u2019unit\u00e9 de soins intensifs ? Toutes les personnes atteintes du syndrome de Guillain-Barr\u00e9 (SGB) n\u2019ont pas besoin de soins intensifs. Toutefois, dans certains cas, la maladie peut nuire \u00e0 la respiration. Une [&hellip;]<\/p>\n","protected":false},"author":1,"featured_media":4914,"parent":2137,"menu_order":0,"comment_status":"closed","ping_status":"closed","template":"","meta":{"_acf_changed":false,"inline_featured_image":false,"footnotes":""},"class_list":["post-2984","page","type-page","status-publish","has-post-thumbnail","hentry"],"acf":[],"yoast_head":"<!-- This site is optimized with the Yoast SEO plugin v27.4 - https:\/\/yoast.com\/product\/yoast-seo-wordpress\/ -->\n<title>Trousse d&#039;information sur les soins intensifs - GBS\/CIDP Foundation<\/title>\n<meta name=\"robots\" content=\"index, follow, max-snippet:-1, max-image-preview:large, max-video-preview:-1\" \/>\n<link rel=\"canonical\" href=\"https:\/\/gbscidp.ca\/fr\/resources\/icu-toolkit\/\" \/>\n<meta property=\"og:locale\" content=\"fr_FR\" \/>\n<meta property=\"og:type\" content=\"article\" \/>\n<meta property=\"og:title\" content=\"Trousse d&#039;information sur les soins intensifs - GBS\/CIDP Foundation\" \/>\n<meta property=\"og:description\" content=\"\u00c0 quoi s&rsquo;attendre: admission aux soins intensifs pour les personnes atteintes du SGB Pourquoi une personne atteinte du SGB pourrait-elle \u00eatre admise \u00e0 l\u2019unit\u00e9 de soins intensifs ? Toutes les personnes atteintes du syndrome de Guillain-Barr\u00e9 (SGB) n\u2019ont pas besoin de soins intensifs. Toutefois, dans certains cas, la maladie peut nuire \u00e0 la respiration. Une [&hellip;]\" \/>\n<meta property=\"og:url\" content=\"https:\/\/gbscidp.ca\/fr\/resources\/icu-toolkit\/\" \/>\n<meta property=\"og:site_name\" content=\"GBS\/CIDP Foundation\" \/>\n<meta property=\"article:modified_time\" content=\"2026-03-16T09:48:47+00:00\" \/>\n<meta property=\"og:image\" content=\"https:\/\/gbscidp.ca\/wp-content\/uploads\/2026\/03\/Education-Resources-ICU-Toolkit-FR-Banner-2026.jpg\" \/>\n\t<meta property=\"og:image:width\" content=\"1920\" \/>\n\t<meta property=\"og:image:height\" content=\"640\" \/>\n\t<meta property=\"og:image:type\" content=\"image\/jpeg\" \/>\n<meta name=\"twitter:card\" content=\"summary_large_image\" \/>\n<meta name=\"twitter:label1\" content=\"Dur\u00e9e de lecture estim\u00e9e\" \/>\n\t<meta name=\"twitter:data1\" content=\"2 minutes\" \/>\n<script type=\"application\/ld+json\" class=\"yoast-schema-graph\">{\"@context\":\"https:\\\/\\\/schema.org\",\"@graph\":[{\"@type\":\"WebPage\",\"@id\":\"https:\\\/\\\/gbscidp.ca\\\/fr\\\/resources\\\/icu-toolkit\\\/\",\"url\":\"https:\\\/\\\/gbscidp.ca\\\/fr\\\/resources\\\/icu-toolkit\\\/\",\"name\":\"Trousse d'information sur les soins intensifs - GBS\\\/CIDP Foundation\",\"isPartOf\":{\"@id\":\"https:\\\/\\\/gbscidp.ca\\\/#website\"},\"primaryImageOfPage\":{\"@id\":\"https:\\\/\\\/gbscidp.ca\\\/fr\\\/resources\\\/icu-toolkit\\\/#primaryimage\"},\"image\":{\"@id\":\"https:\\\/\\\/gbscidp.ca\\\/fr\\\/resources\\\/icu-toolkit\\\/#primaryimage\"},\"thumbnailUrl\":\"https:\\\/\\\/gbscidp.ca\\\/wp-content\\\/uploads\\\/2026\\\/03\\\/Education-Resources-ICU-Toolkit-FR-Banner-2026.jpg\",\"datePublished\":\"2025-04-10T19:41:59+00:00\",\"dateModified\":\"2026-03-16T09:48:47+00:00\",\"breadcrumb\":{\"@id\":\"https:\\\/\\\/gbscidp.ca\\\/fr\\\/resources\\\/icu-toolkit\\\/#breadcrumb\"},\"inLanguage\":\"fr-FR\",\"potentialAction\":[{\"@type\":\"ReadAction\",\"target\":[\"https:\\\/\\\/gbscidp.ca\\\/fr\\\/resources\\\/icu-toolkit\\\/\"]}]},{\"@type\":\"ImageObject\",\"inLanguage\":\"fr-FR\",\"@id\":\"https:\\\/\\\/gbscidp.ca\\\/fr\\\/resources\\\/icu-toolkit\\\/#primaryimage\",\"url\":\"https:\\\/\\\/gbscidp.ca\\\/wp-content\\\/uploads\\\/2026\\\/03\\\/Education-Resources-ICU-Toolkit-FR-Banner-2026.jpg\",\"contentUrl\":\"https:\\\/\\\/gbscidp.ca\\\/wp-content\\\/uploads\\\/2026\\\/03\\\/Education-Resources-ICU-Toolkit-FR-Banner-2026.jpg\",\"width\":1920,\"height\":640},{\"@type\":\"BreadcrumbList\",\"@id\":\"https:\\\/\\\/gbscidp.ca\\\/fr\\\/resources\\\/icu-toolkit\\\/#breadcrumb\",\"itemListElement\":[{\"@type\":\"ListItem\",\"position\":1,\"name\":\"Home\",\"item\":\"https:\\\/\\\/gbscidp.ca\\\/fr\\\/\"},{\"@type\":\"ListItem\",\"position\":2,\"name\":\"Ressources\",\"item\":\"https:\\\/\\\/gbscidp.ca\\\/fr\\\/resources\\\/\"},{\"@type\":\"ListItem\",\"position\":3,\"name\":\"Trousse d&#8217;information sur les soins intensifs\"}]},{\"@type\":\"WebSite\",\"@id\":\"https:\\\/\\\/gbscidp.ca\\\/#website\",\"url\":\"https:\\\/\\\/gbscidp.ca\\\/\",\"name\":\"GBS\\\/CIDP Foundation\",\"description\":\"\",\"publisher\":{\"@id\":\"https:\\\/\\\/gbscidp.ca\\\/#organization\"},\"potentialAction\":[{\"@type\":\"SearchAction\",\"target\":{\"@type\":\"EntryPoint\",\"urlTemplate\":\"https:\\\/\\\/gbscidp.ca\\\/?s={search_term_string}\"},\"query-input\":{\"@type\":\"PropertyValueSpecification\",\"valueRequired\":true,\"valueName\":\"search_term_string\"}}],\"inLanguage\":\"fr-FR\"},{\"@type\":\"Organization\",\"@id\":\"https:\\\/\\\/gbscidp.ca\\\/#organization\",\"name\":\"GBS\\\/CIDP Foundation\",\"url\":\"https:\\\/\\\/gbscidp.ca\\\/\",\"logo\":{\"@type\":\"ImageObject\",\"inLanguage\":\"fr-FR\",\"@id\":\"https:\\\/\\\/gbscidp.ca\\\/#\\\/schema\\\/logo\\\/image\\\/\",\"url\":\"https:\\\/\\\/gbscidp.ca\\\/wp-content\\\/uploads\\\/2022\\\/09\\\/gbs-logo-colour.svg\",\"contentUrl\":\"https:\\\/\\\/gbscidp.ca\\\/wp-content\\\/uploads\\\/2022\\\/09\\\/gbs-logo-colour.svg\",\"caption\":\"GBS\\\/CIDP Foundation\"},\"image\":{\"@id\":\"https:\\\/\\\/gbscidp.ca\\\/#\\\/schema\\\/logo\\\/image\\\/\"}}]}<\/script>\n<!-- \/ Yoast SEO plugin. -->","yoast_head_json":{"title":"Trousse d'information sur les soins intensifs - GBS\/CIDP Foundation","robots":{"index":"index","follow":"follow","max-snippet":"max-snippet:-1","max-image-preview":"max-image-preview:large","max-video-preview":"max-video-preview:-1"},"canonical":"https:\/\/gbscidp.ca\/fr\/resources\/icu-toolkit\/","og_locale":"fr_FR","og_type":"article","og_title":"Trousse d'information sur les soins intensifs - GBS\/CIDP Foundation","og_description":"\u00c0 quoi s&rsquo;attendre: admission aux soins intensifs pour les personnes atteintes du SGB Pourquoi une personne atteinte du SGB pourrait-elle \u00eatre admise \u00e0 l\u2019unit\u00e9 de soins intensifs ? Toutes les personnes atteintes du syndrome de Guillain-Barr\u00e9 (SGB) n\u2019ont pas besoin de soins intensifs. Toutefois, dans certains cas, la maladie peut nuire \u00e0 la respiration. Une [&hellip;]","og_url":"https:\/\/gbscidp.ca\/fr\/resources\/icu-toolkit\/","og_site_name":"GBS\/CIDP Foundation","article_modified_time":"2026-03-16T09:48:47+00:00","og_image":[{"width":1920,"height":640,"url":"https:\/\/gbscidp.ca\/wp-content\/uploads\/2026\/03\/Education-Resources-ICU-Toolkit-FR-Banner-2026.jpg","type":"image\/jpeg"}],"twitter_card":"summary_large_image","twitter_misc":{"Dur\u00e9e de lecture estim\u00e9e":"2 minutes"},"schema":{"@context":"https:\/\/schema.org","@graph":[{"@type":"WebPage","@id":"https:\/\/gbscidp.ca\/fr\/resources\/icu-toolkit\/","url":"https:\/\/gbscidp.ca\/fr\/resources\/icu-toolkit\/","name":"Trousse d'information sur les soins intensifs - GBS\/CIDP Foundation","isPartOf":{"@id":"https:\/\/gbscidp.ca\/#website"},"primaryImageOfPage":{"@id":"https:\/\/gbscidp.ca\/fr\/resources\/icu-toolkit\/#primaryimage"},"image":{"@id":"https:\/\/gbscidp.ca\/fr\/resources\/icu-toolkit\/#primaryimage"},"thumbnailUrl":"https:\/\/gbscidp.ca\/wp-content\/uploads\/2026\/03\/Education-Resources-ICU-Toolkit-FR-Banner-2026.jpg","datePublished":"2025-04-10T19:41:59+00:00","dateModified":"2026-03-16T09:48:47+00:00","breadcrumb":{"@id":"https:\/\/gbscidp.ca\/fr\/resources\/icu-toolkit\/#breadcrumb"},"inLanguage":"fr-FR","potentialAction":[{"@type":"ReadAction","target":["https:\/\/gbscidp.ca\/fr\/resources\/icu-toolkit\/"]}]},{"@type":"ImageObject","inLanguage":"fr-FR","@id":"https:\/\/gbscidp.ca\/fr\/resources\/icu-toolkit\/#primaryimage","url":"https:\/\/gbscidp.ca\/wp-content\/uploads\/2026\/03\/Education-Resources-ICU-Toolkit-FR-Banner-2026.jpg","contentUrl":"https:\/\/gbscidp.ca\/wp-content\/uploads\/2026\/03\/Education-Resources-ICU-Toolkit-FR-Banner-2026.jpg","width":1920,"height":640},{"@type":"BreadcrumbList","@id":"https:\/\/gbscidp.ca\/fr\/resources\/icu-toolkit\/#breadcrumb","itemListElement":[{"@type":"ListItem","position":1,"name":"Home","item":"https:\/\/gbscidp.ca\/fr\/"},{"@type":"ListItem","position":2,"name":"Ressources","item":"https:\/\/gbscidp.ca\/fr\/resources\/"},{"@type":"ListItem","position":3,"name":"Trousse d&#8217;information sur les soins intensifs"}]},{"@type":"WebSite","@id":"https:\/\/gbscidp.ca\/#website","url":"https:\/\/gbscidp.ca\/","name":"GBS\/CIDP Foundation","description":"","publisher":{"@id":"https:\/\/gbscidp.ca\/#organization"},"potentialAction":[{"@type":"SearchAction","target":{"@type":"EntryPoint","urlTemplate":"https:\/\/gbscidp.ca\/?s={search_term_string}"},"query-input":{"@type":"PropertyValueSpecification","valueRequired":true,"valueName":"search_term_string"}}],"inLanguage":"fr-FR"},{"@type":"Organization","@id":"https:\/\/gbscidp.ca\/#organization","name":"GBS\/CIDP Foundation","url":"https:\/\/gbscidp.ca\/","logo":{"@type":"ImageObject","inLanguage":"fr-FR","@id":"https:\/\/gbscidp.ca\/#\/schema\/logo\/image\/","url":"https:\/\/gbscidp.ca\/wp-content\/uploads\/2022\/09\/gbs-logo-colour.svg","contentUrl":"https:\/\/gbscidp.ca\/wp-content\/uploads\/2022\/09\/gbs-logo-colour.svg","caption":"GBS\/CIDP Foundation"},"image":{"@id":"https:\/\/gbscidp.ca\/#\/schema\/logo\/image\/"}}]}},"_links":{"self":[{"href":"https:\/\/gbscidp.ca\/fr\/wp-json\/wp\/v2\/pages\/2984","targetHints":{"allow":["GET"]}}],"collection":[{"href":"https:\/\/gbscidp.ca\/fr\/wp-json\/wp\/v2\/pages"}],"about":[{"href":"https:\/\/gbscidp.ca\/fr\/wp-json\/wp\/v2\/types\/page"}],"author":[{"embeddable":true,"href":"https:\/\/gbscidp.ca\/fr\/wp-json\/wp\/v2\/users\/1"}],"replies":[{"embeddable":true,"href":"https:\/\/gbscidp.ca\/fr\/wp-json\/wp\/v2\/comments?post=2984"}],"version-history":[{"count":5,"href":"https:\/\/gbscidp.ca\/fr\/wp-json\/wp\/v2\/pages\/2984\/revisions"}],"predecessor-version":[{"id":3831,"href":"https:\/\/gbscidp.ca\/fr\/wp-json\/wp\/v2\/pages\/2984\/revisions\/3831"}],"up":[{"embeddable":true,"href":"https:\/\/gbscidp.ca\/fr\/wp-json\/wp\/v2\/pages\/2137"}],"wp:featuredmedia":[{"embeddable":true,"href":"https:\/\/gbscidp.ca\/fr\/wp-json\/wp\/v2\/media\/4914"}],"wp:attachment":[{"href":"https:\/\/gbscidp.ca\/fr\/wp-json\/wp\/v2\/media?parent=2984"}],"curies":[{"name":"wp","href":"https:\/\/api.w.org\/{rel}","templated":true}]}}