{"id":2915,"date":"2022-11-11T07:34:38","date_gmt":"2022-11-11T07:34:38","guid":{"rendered":"https:\/\/gbscidp.ca\/new\/?page_id=2915"},"modified":"2026-01-12T19:00:16","modified_gmt":"2026-01-12T19:00:16","slug":"benevolat","status":"publish","type":"page","link":"https:\/\/gbscidp.ca\/fr\/act-now\/benevolat\/","title":{"rendered":"B\u00e9n\u00e9volat"},"content":{"rendered":"<p><span style=\"font-weight: 400;\">C\u2019est gr\u00e2ce \u00e0 l\u2019engagement de chacun<\/span><span style=\"font-weight: 400;\">\u00b7e<\/span> <span style=\"font-weight: 400;\">de nos b\u00e9n\u00e9voles que nous, en tant que fondation, am\u00e9liorerons le parcours des patient<\/span><span style=\"font-weight: 400;\">\u00b7e<\/span><span style=\"font-weight: 400;\">s. <\/span><span style=\"font-weight: 400;\">Nous leur exprimons notre profonde gratitude pour leur d\u00e9vouement envers la communaut\u00e9 du SGB, de la PDIC et de la NMM.<\/span><\/p>\n<p><a class=\"button md:mt-4\" href=\"#form\">Demande de b\u00e9n\u00e9volat<\/a><\/p>\n","protected":false},"excerpt":{"rendered":"<p>C\u2019est gr\u00e2ce \u00e0 l\u2019engagement de chacun\u00b7e de nos b\u00e9n\u00e9voles que nous, en tant que fondation, am\u00e9liorerons le parcours des patient\u00b7es. Nous leur exprimons notre profonde gratitude pour leur d\u00e9vouement envers la communaut\u00e9 du SGB, de la PDIC et de la NMM. Demande de b\u00e9n\u00e9volat<\/p>\n","protected":false},"author":9,"featured_media":3472,"parent":2136,"menu_order":0,"comment_status":"closed","ping_status":"closed","template":"","meta":{"_acf_changed":false,"inline_featured_image":false,"footnotes":""},"class_list":["post-2915","page","type-page","status-publish","has-post-thumbnail","hentry"],"acf":[],"yoast_head":"<!-- This site is optimized with the Yoast SEO plugin v27.4 - https:\/\/yoast.com\/product\/yoast-seo-wordpress\/ -->\n<title>B\u00e9n\u00e9volat - GBS\/CIDP Foundation<\/title>\n<meta name=\"robots\" content=\"index, follow, max-snippet:-1, max-image-preview:large, max-video-preview:-1\" \/>\n<link rel=\"canonical\" href=\"https:\/\/gbscidp.ca\/fr\/act-now\/benevolat\/\" \/>\n<meta property=\"og:locale\" content=\"fr_FR\" \/>\n<meta property=\"og:type\" content=\"article\" \/>\n<meta property=\"og:title\" content=\"B\u00e9n\u00e9volat - GBS\/CIDP Foundation\" \/>\n<meta property=\"og:description\" content=\"C\u2019est gr\u00e2ce \u00e0 l\u2019engagement de chacun\u00b7e de nos b\u00e9n\u00e9voles que nous, en tant que fondation, am\u00e9liorerons le parcours des patient\u00b7es. Nous leur exprimons notre profonde gratitude pour leur d\u00e9vouement envers la communaut\u00e9 du SGB, de la PDIC et de la NMM. Demande de b\u00e9n\u00e9volat\" \/>\n<meta property=\"og:url\" content=\"https:\/\/gbscidp.ca\/fr\/act-now\/benevolat\/\" \/>\n<meta property=\"og:site_name\" content=\"GBS\/CIDP Foundation\" \/>\n<meta property=\"article:modified_time\" content=\"2026-01-12T19:00:16+00:00\" \/>\n<meta property=\"og:image\" content=\"https:\/\/gbscidp.ca\/wp-content\/uploads\/2025\/07\/Untitled-design-3.jpg\" \/>\n\t<meta property=\"og:image:width\" content=\"1920\" \/>\n\t<meta property=\"og:image:height\" content=\"640\" \/>\n\t<meta property=\"og:image:type\" content=\"image\/jpeg\" \/>\n<meta name=\"twitter:card\" content=\"summary_large_image\" \/>\n<meta name=\"twitter:label1\" content=\"Dur\u00e9e de lecture estim\u00e9e\" \/>\n\t<meta name=\"twitter:data1\" content=\"1 minute\" \/>\n<script type=\"application\/ld+json\" class=\"yoast-schema-graph\">{\"@context\":\"https:\\\/\\\/schema.org\",\"@graph\":[{\"@type\":\"WebPage\",\"@id\":\"https:\\\/\\\/gbscidp.ca\\\/fr\\\/act-now\\\/benevolat\\\/\",\"url\":\"https:\\\/\\\/gbscidp.ca\\\/fr\\\/act-now\\\/benevolat\\\/\",\"name\":\"B\u00e9n\u00e9volat - GBS\\\/CIDP Foundation\",\"isPartOf\":{\"@id\":\"https:\\\/\\\/gbscidp.ca\\\/#website\"},\"primaryImageOfPage\":{\"@id\":\"https:\\\/\\\/gbscidp.ca\\\/fr\\\/act-now\\\/benevolat\\\/#primaryimage\"},\"image\":{\"@id\":\"https:\\\/\\\/gbscidp.ca\\\/fr\\\/act-now\\\/benevolat\\\/#primaryimage\"},\"thumbnailUrl\":\"https:\\\/\\\/gbscidp.ca\\\/wp-content\\\/uploads\\\/2025\\\/07\\\/Untitled-design-3.jpg\",\"datePublished\":\"2022-11-11T07:34:38+00:00\",\"dateModified\":\"2026-01-12T19:00:16+00:00\",\"breadcrumb\":{\"@id\":\"https:\\\/\\\/gbscidp.ca\\\/fr\\\/act-now\\\/benevolat\\\/#breadcrumb\"},\"inLanguage\":\"fr-FR\",\"potentialAction\":[{\"@type\":\"ReadAction\",\"target\":[\"https:\\\/\\\/gbscidp.ca\\\/fr\\\/act-now\\\/benevolat\\\/\"]}]},{\"@type\":\"ImageObject\",\"inLanguage\":\"fr-FR\",\"@id\":\"https:\\\/\\\/gbscidp.ca\\\/fr\\\/act-now\\\/benevolat\\\/#primaryimage\",\"url\":\"https:\\\/\\\/gbscidp.ca\\\/wp-content\\\/uploads\\\/2025\\\/07\\\/Untitled-design-3.jpg\",\"contentUrl\":\"https:\\\/\\\/gbscidp.ca\\\/wp-content\\\/uploads\\\/2025\\\/07\\\/Untitled-design-3.jpg\",\"width\":1920,\"height\":640},{\"@type\":\"BreadcrumbList\",\"@id\":\"https:\\\/\\\/gbscidp.ca\\\/fr\\\/act-now\\\/benevolat\\\/#breadcrumb\",\"itemListElement\":[{\"@type\":\"ListItem\",\"position\":1,\"name\":\"Home\",\"item\":\"https:\\\/\\\/gbscidp.ca\\\/fr\\\/\"},{\"@type\":\"ListItem\",\"position\":2,\"name\":\"Agir maintenant\",\"item\":\"https:\\\/\\\/gbscidp.ca\\\/fr\\\/act-now\\\/\"},{\"@type\":\"ListItem\",\"position\":3,\"name\":\"B\u00e9n\u00e9volat\"}]},{\"@type\":\"WebSite\",\"@id\":\"https:\\\/\\\/gbscidp.ca\\\/#website\",\"url\":\"https:\\\/\\\/gbscidp.ca\\\/\",\"name\":\"GBS\\\/CIDP Foundation\",\"description\":\"\",\"publisher\":{\"@id\":\"https:\\\/\\\/gbscidp.ca\\\/#organization\"},\"potentialAction\":[{\"@type\":\"SearchAction\",\"target\":{\"@type\":\"EntryPoint\",\"urlTemplate\":\"https:\\\/\\\/gbscidp.ca\\\/?s={search_term_string}\"},\"query-input\":{\"@type\":\"PropertyValueSpecification\",\"valueRequired\":true,\"valueName\":\"search_term_string\"}}],\"inLanguage\":\"fr-FR\"},{\"@type\":\"Organization\",\"@id\":\"https:\\\/\\\/gbscidp.ca\\\/#organization\",\"name\":\"GBS\\\/CIDP Foundation\",\"url\":\"https:\\\/\\\/gbscidp.ca\\\/\",\"logo\":{\"@type\":\"ImageObject\",\"inLanguage\":\"fr-FR\",\"@id\":\"https:\\\/\\\/gbscidp.ca\\\/#\\\/schema\\\/logo\\\/image\\\/\",\"url\":\"https:\\\/\\\/gbscidp.ca\\\/wp-content\\\/uploads\\\/2022\\\/09\\\/gbs-logo-colour.svg\",\"contentUrl\":\"https:\\\/\\\/gbscidp.ca\\\/wp-content\\\/uploads\\\/2022\\\/09\\\/gbs-logo-colour.svg\",\"caption\":\"GBS\\\/CIDP Foundation\"},\"image\":{\"@id\":\"https:\\\/\\\/gbscidp.ca\\\/#\\\/schema\\\/logo\\\/image\\\/\"}}]}<\/script>\n<!-- \/ Yoast SEO plugin. -->","yoast_head_json":{"title":"B\u00e9n\u00e9volat - GBS\/CIDP Foundation","robots":{"index":"index","follow":"follow","max-snippet":"max-snippet:-1","max-image-preview":"max-image-preview:large","max-video-preview":"max-video-preview:-1"},"canonical":"https:\/\/gbscidp.ca\/fr\/act-now\/benevolat\/","og_locale":"fr_FR","og_type":"article","og_title":"B\u00e9n\u00e9volat - GBS\/CIDP Foundation","og_description":"C\u2019est gr\u00e2ce \u00e0 l\u2019engagement de chacun\u00b7e de nos b\u00e9n\u00e9voles que nous, en tant que fondation, am\u00e9liorerons le parcours des patient\u00b7es. Nous leur exprimons notre profonde gratitude pour leur d\u00e9vouement envers la communaut\u00e9 du SGB, de la PDIC et de la NMM. Demande de b\u00e9n\u00e9volat","og_url":"https:\/\/gbscidp.ca\/fr\/act-now\/benevolat\/","og_site_name":"GBS\/CIDP Foundation","article_modified_time":"2026-01-12T19:00:16+00:00","og_image":[{"width":1920,"height":640,"url":"https:\/\/gbscidp.ca\/wp-content\/uploads\/2025\/07\/Untitled-design-3.jpg","type":"image\/jpeg"}],"twitter_card":"summary_large_image","twitter_misc":{"Dur\u00e9e de lecture estim\u00e9e":"1 minute"},"schema":{"@context":"https:\/\/schema.org","@graph":[{"@type":"WebPage","@id":"https:\/\/gbscidp.ca\/fr\/act-now\/benevolat\/","url":"https:\/\/gbscidp.ca\/fr\/act-now\/benevolat\/","name":"B\u00e9n\u00e9volat - GBS\/CIDP Foundation","isPartOf":{"@id":"https:\/\/gbscidp.ca\/#website"},"primaryImageOfPage":{"@id":"https:\/\/gbscidp.ca\/fr\/act-now\/benevolat\/#primaryimage"},"image":{"@id":"https:\/\/gbscidp.ca\/fr\/act-now\/benevolat\/#primaryimage"},"thumbnailUrl":"https:\/\/gbscidp.ca\/wp-content\/uploads\/2025\/07\/Untitled-design-3.jpg","datePublished":"2022-11-11T07:34:38+00:00","dateModified":"2026-01-12T19:00:16+00:00","breadcrumb":{"@id":"https:\/\/gbscidp.ca\/fr\/act-now\/benevolat\/#breadcrumb"},"inLanguage":"fr-FR","potentialAction":[{"@type":"ReadAction","target":["https:\/\/gbscidp.ca\/fr\/act-now\/benevolat\/"]}]},{"@type":"ImageObject","inLanguage":"fr-FR","@id":"https:\/\/gbscidp.ca\/fr\/act-now\/benevolat\/#primaryimage","url":"https:\/\/gbscidp.ca\/wp-content\/uploads\/2025\/07\/Untitled-design-3.jpg","contentUrl":"https:\/\/gbscidp.ca\/wp-content\/uploads\/2025\/07\/Untitled-design-3.jpg","width":1920,"height":640},{"@type":"BreadcrumbList","@id":"https:\/\/gbscidp.ca\/fr\/act-now\/benevolat\/#breadcrumb","itemListElement":[{"@type":"ListItem","position":1,"name":"Home","item":"https:\/\/gbscidp.ca\/fr\/"},{"@type":"ListItem","position":2,"name":"Agir maintenant","item":"https:\/\/gbscidp.ca\/fr\/act-now\/"},{"@type":"ListItem","position":3,"name":"B\u00e9n\u00e9volat"}]},{"@type":"WebSite","@id":"https:\/\/gbscidp.ca\/#website","url":"https:\/\/gbscidp.ca\/","name":"GBS\/CIDP Foundation","description":"","publisher":{"@id":"https:\/\/gbscidp.ca\/#organization"},"potentialAction":[{"@type":"SearchAction","target":{"@type":"EntryPoint","urlTemplate":"https:\/\/gbscidp.ca\/?s={search_term_string}"},"query-input":{"@type":"PropertyValueSpecification","valueRequired":true,"valueName":"search_term_string"}}],"inLanguage":"fr-FR"},{"@type":"Organization","@id":"https:\/\/gbscidp.ca\/#organization","name":"GBS\/CIDP Foundation","url":"https:\/\/gbscidp.ca\/","logo":{"@type":"ImageObject","inLanguage":"fr-FR","@id":"https:\/\/gbscidp.ca\/#\/schema\/logo\/image\/","url":"https:\/\/gbscidp.ca\/wp-content\/uploads\/2022\/09\/gbs-logo-colour.svg","contentUrl":"https:\/\/gbscidp.ca\/wp-content\/uploads\/2022\/09\/gbs-logo-colour.svg","caption":"GBS\/CIDP Foundation"},"image":{"@id":"https:\/\/gbscidp.ca\/#\/schema\/logo\/image\/"}}]}},"_links":{"self":[{"href":"https:\/\/gbscidp.ca\/fr\/wp-json\/wp\/v2\/pages\/2915","targetHints":{"allow":["GET"]}}],"collection":[{"href":"https:\/\/gbscidp.ca\/fr\/wp-json\/wp\/v2\/pages"}],"about":[{"href":"https:\/\/gbscidp.ca\/fr\/wp-json\/wp\/v2\/types\/page"}],"author":[{"embeddable":true,"href":"https:\/\/gbscidp.ca\/fr\/wp-json\/wp\/v2\/users\/9"}],"replies":[{"embeddable":true,"href":"https:\/\/gbscidp.ca\/fr\/wp-json\/wp\/v2\/comments?post=2915"}],"version-history":[{"count":5,"href":"https:\/\/gbscidp.ca\/fr\/wp-json\/wp\/v2\/pages\/2915\/revisions"}],"predecessor-version":[{"id":4474,"href":"https:\/\/gbscidp.ca\/fr\/wp-json\/wp\/v2\/pages\/2915\/revisions\/4474"}],"up":[{"embeddable":true,"href":"https:\/\/gbscidp.ca\/fr\/wp-json\/wp\/v2\/pages\/2136"}],"wp:featuredmedia":[{"embeddable":true,"href":"https:\/\/gbscidp.ca\/fr\/wp-json\/wp\/v2\/media\/3472"}],"wp:attachment":[{"href":"https:\/\/gbscidp.ca\/fr\/wp-json\/wp\/v2\/media?parent=2915"}],"curies":[{"name":"wp","href":"https:\/\/api.w.org\/{rel}","templated":true}]}}