{"id":2891,"date":"2022-11-28T17:56:33","date_gmt":"2022-11-28T17:56:33","guid":{"rendered":"https:\/\/gbscidp.ca\/new\/?page_id=2891"},"modified":"2025-11-06T04:55:13","modified_gmt":"2025-11-06T04:55:13","slug":"professionnel%c2%b7les-de-la-sante","status":"publish","type":"page","link":"https:\/\/gbscidp.ca\/fr\/resources\/professionnel%c2%b7les-de-la-sante\/","title":{"rendered":"Professionnel\u00b7les de la sant\u00e9"},"content":{"rendered":"<h2 id=\"sgb\" class=\"pt-14 mb-6\">Syndrome de Guillain-Barr\u00e9 (SGB)<\/h2>\n<p class=\"!mb-8\">Le syndrome de Guillain-Barr\u00e9 (SGB) est une neuropathie aigu\u00eb \u00e0 progression rapide, m\u00e9di\u00e9e par le syst\u00e8me immunitaire, qui peut entra\u00eener une insuffisance respiratoire dans les cas graves. La reconnaissance et l\u2019intervention pr\u00e9coces sont essentielles.<\/p>\n<h3 class=\"mb-4\">Sympt\u00f4mes<\/h3>\n<ul>\n<li>Faiblesse progressive survenant habituellement 1 \u00e0 2 semaines apr\u00e8s une infection virale, s\u2019\u00e9tendant aux quatre membres<\/li>\n<li>Faiblesse bulbaire et atteinte respiratoire possibles, pouvant n\u00e9cessiter des soins en unit\u00e9 de soins intensifs<\/li>\n<li>Perte des r\u00e9flexes, atteinte sensitive minime, douleurs dorsales s\u00e9v\u00e8res possibles<\/li>\n<li>La douleur est fr\u00e9quente, bien que la perte sensorielle soit habituellement l\u00e9g\u00e8re<\/li>\n<\/ul>\n<h3 class=\"mb-4\">Diagnostics<\/h3>\n<ul>\n<li>\u00c9tudes de conduction nerveuse (ECN) : signes de d\u00e9my\u00e9linisation (peut \u00eatre normale durant la premi\u00e8re semaine)<\/li>\n<li>Analyse du liquide c\u00e9phalo-rachidien (LCR) : hyperprot\u00e9inorachie avec num\u00e9ration cellulaire normale (peut \u00eatre normale durant la premi\u00e8re semaine)<\/li>\n<\/ul>\n<h3 class=\"mb-4\">Traitement<\/h3>\n<ul>\n<li>Immunoglobulines intraveineuses (IgIV) \u00e0 haute dose<\/li>\n<li>Plasmaph\u00e9r\u00e8se (PLEX)<\/li>\n<li>Le traitement doit d\u00e9buter dans les deux semaines suivant l\u2019apparition des sympt\u00f4mes pour un b\u00e9n\u00e9fice optimal<\/li>\n<li>En cas d\u2019administration d\u2019IgIV, surveiller le patient pendant deux semaines avant d\u2019envisager d\u2019autres traitements<\/li>\n<li>Un contr\u00f4le ad\u00e9quat de la douleur est n\u00e9cessaire pour les douleurs dorsales s\u00e9v\u00e8res<\/li>\n<\/ul>\n<p><a class=\"readmore\" href=\"https:\/\/gbscidp.ca\/fr\/conditions\/sgb\/\">En savoir plus<\/a><\/p>\n<h2 id=\"pdic\" class=\"mb-6 pt-16\">Polyneuropathie d\u00e9my\u00e9linisante inflammatoire chronique (PDIC)<\/h2>\n<p class=\"!mb-8\">La polyneuropathie d\u00e9my\u00e9linisante inflammatoire chronique (PDIC) est une maladie chronique, progressive ou r\u00e9cidivent, entra\u00eenant une faiblesse musculaire et des d\u00e9ficiences sensorielle.<\/p>\n<h3 class=\"mb-4\">Sympt\u00f4mes<\/h3>\n<div class=\"text-base my-auto mx-auto pb-10 [--thread-content-margin:--spacing(4)] thread-sm:[--thread-content-margin:--spacing(6)] thread-lg:[--thread-content-margin:--spacing(16)] px-(--thread-content-margin)\">\n<div class=\"[--thread-content-max-width:40rem] thread-lg:[--thread-content-max-width:48rem] mx-auto max-w-(--thread-content-max-width) flex-1 group\/turn-messages focus-visible:outline-hidden relative flex w-full min-w-0 flex-col agent-turn\" tabindex=\"-1\">\n<div class=\"flex max-w-full flex-col grow\">\n<div class=\"min-h-8 text-message relative flex w-full flex-col items-end gap-2 text-start break-words whitespace-normal [.text-message+&amp;]:mt-1\" dir=\"auto\" data-message-author-role=\"assistant\" data-message-id=\"787115f6-4783-4638-a5c7-5f5f7ef8e0cc\" data-message-model-slug=\"gpt-5\">\n<div class=\"flex w-full flex-col gap-1 empty:hidden first:pt-[1px]\">\n<div class=\"markdown prose dark:prose-invert w-full break-words light markdown-new-styling\">\n<ul>\n<li data-start=\"0\" data-end=\"274\">Faiblesse progressive depuis plus de huit semaines touchant surtout les muscles proximaux.<\/li>\n<li data-start=\"0\" data-end=\"274\">Typiquement associ\u00e9e \u00e0 des sympt\u00f4mes sensitifs.<\/li>\n<li data-start=\"0\" data-end=\"274\">Peut se pr\u00e9senter sous une forme progressive ou par pouss\u00e9es et r\u00e9missions.<\/li>\n<li data-start=\"0\" data-end=\"274\">Un diagnostic pr\u00e9coce peut pr\u00e9venir la perte axonale.<\/li>\n<\/ul>\n<\/div>\n<\/div>\n<\/div>\n<\/div>\n<\/div>\n<\/div>\n<h3 class=\"mb-4\">Diagnostics<\/h3>\n<ul>\n<li>ECN : signes de d\u00e9my\u00e9linisation avec perte axonale secondaire<\/li>\n<li>Analyse du LCR : hyperprot\u00e9inorachie possible, mais non syst\u00e9matique<\/li>\n<li>IRM de la colonne lombo-sacr\u00e9e : \u00e9largissement des racines nerveuses parfois observ\u00e9, mais les r\u00e9sultats sont inconstants<\/li>\n<li>Les tests de laboratoire pour d\u2019autres causes de neuropathie sont g\u00e9n\u00e9ralement peu r\u00e9v\u00e9lateurs<\/li>\n<\/ul>\n<h3 class=\"mb-4\">Traitement<\/h3>\n<ul>\n<li>IgIV (dose d\u2019induction suivie d\u2019un traitement d\u2019entretien)<\/li>\n<li>Les corticost\u00e9ro\u00efdes peuvent \u00eatre efficaces<\/li>\n<li>D\u2019autres immunosuppresseurs peuvent \u00eatre envisag\u00e9s<\/li>\n<li>La plasmaph\u00e9r\u00e8se est difficile d\u2019acc\u00e8s pour les cas chroniques<\/li>\n<\/ul>\n<p><a class=\"readmore\" href=\"https:\/\/gbscidp.ca\/fr\/conditions\/polyneuropathie-demyelinisante-inflammatoire-chronique-pdic\/\">En savoir plus<\/a><\/p>\n<h2 id=\"nmm\" class=\"mb-6 pt-16\">Neuropathie motrice multifocale (NMM)<\/h2>\n<p class=\"!mb-8\">La neuropathie motrice multifocale (NMM) est une neuropathie chronique rare qui touche principalement les muscles distaux des membres sup\u00e9rieurs et peut \u00eatre confondue avec la SLA.<\/p>\n<h3 class=\"mb-4\">Sympt\u00f4mes<\/h3>\n<ul>\n<li>Faiblesse progressive sans douleur, avec atrophie des muscles distaux des membres sup\u00e9rieurs<\/li>\n<li>L\u2019atteinte des membres inf\u00e9rieurs survient beaucoup plus tardivement<\/li>\n<li>Le diagnostic diff\u00e9rentiel initial inclut la SLA<\/li>\n<\/ul>\n<h3 class=\"mb-4\">Diagnostics<\/h3>\n<ul>\n<li>ECN : anomalies multifocales, souvent avec bloc de conduction<\/li>\n<li>Pr\u00e9sence d\u2019anticorps anti-ganglioside GM1 chez environ 50 % des patients<\/li>\n<\/ul>\n<h3 class=\"mb-4\">Traitement<\/h3>\n<ul>\n<li>IgIV (similaire au traitement de la PDIC, souvent \u00e0 doses plus \u00e9lev\u00e9es)<\/li>\n<li>Aucun autre traitement efficace disponible<\/li>\n<\/ul>\n<p><a class=\"readmore\" href=\"https:\/\/gbscidp.ca\/fr\/conditions\/nmm\/\">En savoir plus<\/a><\/p>\n<h2 id=\"hcp-registration\" class=\"pt-[100px] mb-10\">Inscrivez-vous \u00e0 titre de professionnel\u00b7le de la sant\u00e9<\/h2>\n","protected":false},"excerpt":{"rendered":"<p>Syndrome de Guillain-Barr\u00e9 (SGB) Le syndrome de Guillain-Barr\u00e9 (SGB) est une neuropathie aigu\u00eb \u00e0 progression rapide, m\u00e9di\u00e9e par le syst\u00e8me immunitaire, qui peut entra\u00eener une insuffisance respiratoire dans les cas graves. La reconnaissance et l\u2019intervention pr\u00e9coces sont essentielles. Sympt\u00f4mes Faiblesse progressive survenant habituellement 1 \u00e0 2 semaines apr\u00e8s une infection virale, s\u2019\u00e9tendant aux quatre membres [&hellip;]<\/p>\n","protected":false},"author":9,"featured_media":2781,"parent":2137,"menu_order":0,"comment_status":"closed","ping_status":"closed","template":"","meta":{"_acf_changed":false,"inline_featured_image":false,"footnotes":""},"class_list":["post-2891","page","type-page","status-publish","has-post-thumbnail","hentry"],"acf":[],"yoast_head":"<!-- This site is optimized with the Yoast SEO plugin v27.4 - https:\/\/yoast.com\/product\/yoast-seo-wordpress\/ -->\n<title>Professionnel\u00b7les de la sant\u00e9 - GBS\/CIDP Foundation<\/title>\n<meta name=\"robots\" content=\"index, follow, max-snippet:-1, max-image-preview:large, max-video-preview:-1\" \/>\n<link rel=\"canonical\" href=\"https:\/\/gbscidp.ca\/fr\/resources\/professionnel\u00b7les-de-la-sante\/\" \/>\n<meta property=\"og:locale\" content=\"fr_FR\" \/>\n<meta property=\"og:type\" content=\"article\" \/>\n<meta property=\"og:title\" content=\"Professionnel\u00b7les de la sant\u00e9 - GBS\/CIDP Foundation\" \/>\n<meta property=\"og:description\" content=\"Syndrome de Guillain-Barr\u00e9 (SGB) Le syndrome de Guillain-Barr\u00e9 (SGB) est une neuropathie aigu\u00eb \u00e0 progression rapide, m\u00e9di\u00e9e par le syst\u00e8me immunitaire, qui peut entra\u00eener une insuffisance respiratoire dans les cas graves. La reconnaissance et l\u2019intervention pr\u00e9coces sont essentielles. Sympt\u00f4mes Faiblesse progressive survenant habituellement 1 \u00e0 2 semaines apr\u00e8s une infection virale, s\u2019\u00e9tendant aux quatre membres [&hellip;]\" \/>\n<meta property=\"og:url\" content=\"https:\/\/gbscidp.ca\/fr\/resources\/professionnel\u00b7les-de-la-sante\/\" \/>\n<meta property=\"og:site_name\" content=\"GBS\/CIDP Foundation\" \/>\n<meta property=\"article:modified_time\" content=\"2025-11-06T04:55:13+00:00\" \/>\n<meta property=\"og:image\" content=\"https:\/\/gbscidp.ca\/wp-content\/uploads\/2025\/04\/hcp-hero-mobile.jpg\" \/>\n\t<meta property=\"og:image:width\" content=\"800\" \/>\n\t<meta property=\"og:image:height\" content=\"320\" \/>\n\t<meta property=\"og:image:type\" content=\"image\/jpeg\" \/>\n<meta name=\"twitter:card\" content=\"summary_large_image\" \/>\n<meta name=\"twitter:label1\" content=\"Dur\u00e9e de lecture estim\u00e9e\" \/>\n\t<meta name=\"twitter:data1\" content=\"3 minutes\" \/>\n<script type=\"application\/ld+json\" class=\"yoast-schema-graph\">{\"@context\":\"https:\\\/\\\/schema.org\",\"@graph\":[{\"@type\":\"WebPage\",\"@id\":\"https:\\\/\\\/gbscidp.ca\\\/fr\\\/resources\\\/professionnel%c2%b7les-de-la-sante\\\/\",\"url\":\"https:\\\/\\\/gbscidp.ca\\\/fr\\\/resources\\\/professionnel%c2%b7les-de-la-sante\\\/\",\"name\":\"Professionnel\u00b7les de la sant\u00e9 - GBS\\\/CIDP Foundation\",\"isPartOf\":{\"@id\":\"https:\\\/\\\/gbscidp.ca\\\/#website\"},\"primaryImageOfPage\":{\"@id\":\"https:\\\/\\\/gbscidp.ca\\\/fr\\\/resources\\\/professionnel%c2%b7les-de-la-sante\\\/#primaryimage\"},\"image\":{\"@id\":\"https:\\\/\\\/gbscidp.ca\\\/fr\\\/resources\\\/professionnel%c2%b7les-de-la-sante\\\/#primaryimage\"},\"thumbnailUrl\":\"https:\\\/\\\/gbscidp.ca\\\/wp-content\\\/uploads\\\/2025\\\/04\\\/hcp-hero-mobile.jpg\",\"datePublished\":\"2022-11-28T17:56:33+00:00\",\"dateModified\":\"2025-11-06T04:55:13+00:00\",\"breadcrumb\":{\"@id\":\"https:\\\/\\\/gbscidp.ca\\\/fr\\\/resources\\\/professionnel%c2%b7les-de-la-sante\\\/#breadcrumb\"},\"inLanguage\":\"fr-FR\",\"potentialAction\":[{\"@type\":\"ReadAction\",\"target\":[\"https:\\\/\\\/gbscidp.ca\\\/fr\\\/resources\\\/professionnel%c2%b7les-de-la-sante\\\/\"]}]},{\"@type\":\"ImageObject\",\"inLanguage\":\"fr-FR\",\"@id\":\"https:\\\/\\\/gbscidp.ca\\\/fr\\\/resources\\\/professionnel%c2%b7les-de-la-sante\\\/#primaryimage\",\"url\":\"https:\\\/\\\/gbscidp.ca\\\/wp-content\\\/uploads\\\/2025\\\/04\\\/hcp-hero-mobile.jpg\",\"contentUrl\":\"https:\\\/\\\/gbscidp.ca\\\/wp-content\\\/uploads\\\/2025\\\/04\\\/hcp-hero-mobile.jpg\",\"width\":800,\"height\":320},{\"@type\":\"BreadcrumbList\",\"@id\":\"https:\\\/\\\/gbscidp.ca\\\/fr\\\/resources\\\/professionnel%c2%b7les-de-la-sante\\\/#breadcrumb\",\"itemListElement\":[{\"@type\":\"ListItem\",\"position\":1,\"name\":\"Home\",\"item\":\"https:\\\/\\\/gbscidp.ca\\\/fr\\\/\"},{\"@type\":\"ListItem\",\"position\":2,\"name\":\"Ressources\",\"item\":\"https:\\\/\\\/gbscidp.ca\\\/fr\\\/resources\\\/\"},{\"@type\":\"ListItem\",\"position\":3,\"name\":\"Professionnel\u00b7les de la sant\u00e9\"}]},{\"@type\":\"WebSite\",\"@id\":\"https:\\\/\\\/gbscidp.ca\\\/#website\",\"url\":\"https:\\\/\\\/gbscidp.ca\\\/\",\"name\":\"GBS\\\/CIDP Foundation\",\"description\":\"\",\"publisher\":{\"@id\":\"https:\\\/\\\/gbscidp.ca\\\/#organization\"},\"potentialAction\":[{\"@type\":\"SearchAction\",\"target\":{\"@type\":\"EntryPoint\",\"urlTemplate\":\"https:\\\/\\\/gbscidp.ca\\\/?s={search_term_string}\"},\"query-input\":{\"@type\":\"PropertyValueSpecification\",\"valueRequired\":true,\"valueName\":\"search_term_string\"}}],\"inLanguage\":\"fr-FR\"},{\"@type\":\"Organization\",\"@id\":\"https:\\\/\\\/gbscidp.ca\\\/#organization\",\"name\":\"GBS\\\/CIDP Foundation\",\"url\":\"https:\\\/\\\/gbscidp.ca\\\/\",\"logo\":{\"@type\":\"ImageObject\",\"inLanguage\":\"fr-FR\",\"@id\":\"https:\\\/\\\/gbscidp.ca\\\/#\\\/schema\\\/logo\\\/image\\\/\",\"url\":\"https:\\\/\\\/gbscidp.ca\\\/wp-content\\\/uploads\\\/2022\\\/09\\\/gbs-logo-colour.svg\",\"contentUrl\":\"https:\\\/\\\/gbscidp.ca\\\/wp-content\\\/uploads\\\/2022\\\/09\\\/gbs-logo-colour.svg\",\"caption\":\"GBS\\\/CIDP Foundation\"},\"image\":{\"@id\":\"https:\\\/\\\/gbscidp.ca\\\/#\\\/schema\\\/logo\\\/image\\\/\"}}]}<\/script>\n<!-- \/ Yoast SEO plugin. -->","yoast_head_json":{"title":"Professionnel\u00b7les de la sant\u00e9 - GBS\/CIDP Foundation","robots":{"index":"index","follow":"follow","max-snippet":"max-snippet:-1","max-image-preview":"max-image-preview:large","max-video-preview":"max-video-preview:-1"},"canonical":"https:\/\/gbscidp.ca\/fr\/resources\/professionnel\u00b7les-de-la-sante\/","og_locale":"fr_FR","og_type":"article","og_title":"Professionnel\u00b7les de la sant\u00e9 - GBS\/CIDP Foundation","og_description":"Syndrome de Guillain-Barr\u00e9 (SGB) Le syndrome de Guillain-Barr\u00e9 (SGB) est une neuropathie aigu\u00eb \u00e0 progression rapide, m\u00e9di\u00e9e par le syst\u00e8me immunitaire, qui peut entra\u00eener une insuffisance respiratoire dans les cas graves. La reconnaissance et l\u2019intervention pr\u00e9coces sont essentielles. Sympt\u00f4mes Faiblesse progressive survenant habituellement 1 \u00e0 2 semaines apr\u00e8s une infection virale, s\u2019\u00e9tendant aux quatre membres [&hellip;]","og_url":"https:\/\/gbscidp.ca\/fr\/resources\/professionnel\u00b7les-de-la-sante\/","og_site_name":"GBS\/CIDP Foundation","article_modified_time":"2025-11-06T04:55:13+00:00","og_image":[{"width":800,"height":320,"url":"https:\/\/gbscidp.ca\/wp-content\/uploads\/2025\/04\/hcp-hero-mobile.jpg","type":"image\/jpeg"}],"twitter_card":"summary_large_image","twitter_misc":{"Dur\u00e9e de lecture estim\u00e9e":"3 minutes"},"schema":{"@context":"https:\/\/schema.org","@graph":[{"@type":"WebPage","@id":"https:\/\/gbscidp.ca\/fr\/resources\/professionnel%c2%b7les-de-la-sante\/","url":"https:\/\/gbscidp.ca\/fr\/resources\/professionnel%c2%b7les-de-la-sante\/","name":"Professionnel\u00b7les de la sant\u00e9 - GBS\/CIDP Foundation","isPartOf":{"@id":"https:\/\/gbscidp.ca\/#website"},"primaryImageOfPage":{"@id":"https:\/\/gbscidp.ca\/fr\/resources\/professionnel%c2%b7les-de-la-sante\/#primaryimage"},"image":{"@id":"https:\/\/gbscidp.ca\/fr\/resources\/professionnel%c2%b7les-de-la-sante\/#primaryimage"},"thumbnailUrl":"https:\/\/gbscidp.ca\/wp-content\/uploads\/2025\/04\/hcp-hero-mobile.jpg","datePublished":"2022-11-28T17:56:33+00:00","dateModified":"2025-11-06T04:55:13+00:00","breadcrumb":{"@id":"https:\/\/gbscidp.ca\/fr\/resources\/professionnel%c2%b7les-de-la-sante\/#breadcrumb"},"inLanguage":"fr-FR","potentialAction":[{"@type":"ReadAction","target":["https:\/\/gbscidp.ca\/fr\/resources\/professionnel%c2%b7les-de-la-sante\/"]}]},{"@type":"ImageObject","inLanguage":"fr-FR","@id":"https:\/\/gbscidp.ca\/fr\/resources\/professionnel%c2%b7les-de-la-sante\/#primaryimage","url":"https:\/\/gbscidp.ca\/wp-content\/uploads\/2025\/04\/hcp-hero-mobile.jpg","contentUrl":"https:\/\/gbscidp.ca\/wp-content\/uploads\/2025\/04\/hcp-hero-mobile.jpg","width":800,"height":320},{"@type":"BreadcrumbList","@id":"https:\/\/gbscidp.ca\/fr\/resources\/professionnel%c2%b7les-de-la-sante\/#breadcrumb","itemListElement":[{"@type":"ListItem","position":1,"name":"Home","item":"https:\/\/gbscidp.ca\/fr\/"},{"@type":"ListItem","position":2,"name":"Ressources","item":"https:\/\/gbscidp.ca\/fr\/resources\/"},{"@type":"ListItem","position":3,"name":"Professionnel\u00b7les de la sant\u00e9"}]},{"@type":"WebSite","@id":"https:\/\/gbscidp.ca\/#website","url":"https:\/\/gbscidp.ca\/","name":"GBS\/CIDP Foundation","description":"","publisher":{"@id":"https:\/\/gbscidp.ca\/#organization"},"potentialAction":[{"@type":"SearchAction","target":{"@type":"EntryPoint","urlTemplate":"https:\/\/gbscidp.ca\/?s={search_term_string}"},"query-input":{"@type":"PropertyValueSpecification","valueRequired":true,"valueName":"search_term_string"}}],"inLanguage":"fr-FR"},{"@type":"Organization","@id":"https:\/\/gbscidp.ca\/#organization","name":"GBS\/CIDP Foundation","url":"https:\/\/gbscidp.ca\/","logo":{"@type":"ImageObject","inLanguage":"fr-FR","@id":"https:\/\/gbscidp.ca\/#\/schema\/logo\/image\/","url":"https:\/\/gbscidp.ca\/wp-content\/uploads\/2022\/09\/gbs-logo-colour.svg","contentUrl":"https:\/\/gbscidp.ca\/wp-content\/uploads\/2022\/09\/gbs-logo-colour.svg","caption":"GBS\/CIDP Foundation"},"image":{"@id":"https:\/\/gbscidp.ca\/#\/schema\/logo\/image\/"}}]}},"_links":{"self":[{"href":"https:\/\/gbscidp.ca\/fr\/wp-json\/wp\/v2\/pages\/2891","targetHints":{"allow":["GET"]}}],"collection":[{"href":"https:\/\/gbscidp.ca\/fr\/wp-json\/wp\/v2\/pages"}],"about":[{"href":"https:\/\/gbscidp.ca\/fr\/wp-json\/wp\/v2\/types\/page"}],"author":[{"embeddable":true,"href":"https:\/\/gbscidp.ca\/fr\/wp-json\/wp\/v2\/users\/9"}],"replies":[{"embeddable":true,"href":"https:\/\/gbscidp.ca\/fr\/wp-json\/wp\/v2\/comments?post=2891"}],"version-history":[{"count":5,"href":"https:\/\/gbscidp.ca\/fr\/wp-json\/wp\/v2\/pages\/2891\/revisions"}],"predecessor-version":[{"id":4252,"href":"https:\/\/gbscidp.ca\/fr\/wp-json\/wp\/v2\/pages\/2891\/revisions\/4252"}],"up":[{"embeddable":true,"href":"https:\/\/gbscidp.ca\/fr\/wp-json\/wp\/v2\/pages\/2137"}],"wp:featuredmedia":[{"embeddable":true,"href":"https:\/\/gbscidp.ca\/fr\/wp-json\/wp\/v2\/media\/2781"}],"wp:attachment":[{"href":"https:\/\/gbscidp.ca\/fr\/wp-json\/wp\/v2\/media?parent=2891"}],"curies":[{"name":"wp","href":"https:\/\/api.w.org\/{rel}","templated":true}]}}