{"id":2777,"date":"2022-11-28T17:21:05","date_gmt":"2022-11-28T17:21:05","guid":{"rendered":"https:\/\/gbscidp.ca\/new\/resources\/government-benefits-and-community-services\/"},"modified":"2025-11-03T13:56:46","modified_gmt":"2025-11-03T13:56:46","slug":"government-benefits-and-community-services","status":"publish","type":"page","link":"https:\/\/gbscidp.ca\/fr\/resources\/government-benefits-and-community-services\/","title":{"rendered":"Prestations gouvernementales et services communautaires"},"content":{"rendered":"<p>D\u00e9couvrez notre guide vers les programmes et prestations qui pourraient vous \u00eatre utiles. Vous y trouverez des liens utiles vers des cr\u00e9dits d\u2019imp\u00f4t, des aides financi\u00e8res pour les personnes en situation de handicap ainsi que des programmes offerts dans la communaut\u00e9 \u2014 des ressources qui pourraient \u00eatre pertinentes pour les personnes touch\u00e9es par le SGB, la PDIC ou la NMM.<\/p>\n<p>On vous encourage \u00e0 explorer ces options pour d\u00e9couvrir les formes de soutien qui pourraient vous \u00eatre offertes. Veuillez noter qu\u2019il vous revient de v\u00e9rifier les crit\u00e8res d\u2019admissibilit\u00e9 et de faire les d\u00e9marches n\u00e9cessaires pour pr\u00e9senter une demande ou poser des questions sur les programmes qui vous int\u00e9ressent.<\/p>\n","protected":false},"excerpt":{"rendered":"<p>D\u00e9couvrez notre guide vers les programmes et prestations qui pourraient vous \u00eatre utiles. Vous y trouverez des liens utiles vers des cr\u00e9dits d\u2019imp\u00f4t, des aides financi\u00e8res pour les personnes en situation de handicap ainsi que des programmes offerts dans la communaut\u00e9 \u2014 des ressources qui pourraient \u00eatre pertinentes pour les personnes touch\u00e9es par le SGB, [&hellip;]<\/p>\n","protected":false},"author":1,"featured_media":3491,"parent":2137,"menu_order":0,"comment_status":"closed","ping_status":"closed","template":"","meta":{"_acf_changed":false,"inline_featured_image":false,"footnotes":""},"class_list":["post-2777","page","type-page","status-publish","has-post-thumbnail","hentry"],"acf":[],"yoast_head":"<!-- This site is optimized with the Yoast SEO plugin v27.4 - https:\/\/yoast.com\/product\/yoast-seo-wordpress\/ -->\n<title>Prestations gouvernementales et services communautaires - GBS\/CIDP Foundation<\/title>\n<meta name=\"robots\" content=\"index, follow, max-snippet:-1, max-image-preview:large, max-video-preview:-1\" \/>\n<link rel=\"canonical\" href=\"https:\/\/gbscidp.ca\/fr\/resources\/government-benefits-and-community-services\/\" \/>\n<meta property=\"og:locale\" content=\"fr_FR\" \/>\n<meta property=\"og:type\" content=\"article\" \/>\n<meta property=\"og:title\" content=\"Prestations gouvernementales et services communautaires - GBS\/CIDP Foundation\" \/>\n<meta property=\"og:description\" content=\"D\u00e9couvrez notre guide vers les programmes et prestations qui pourraient vous \u00eatre utiles. Vous y trouverez des liens utiles vers des cr\u00e9dits d\u2019imp\u00f4t, des aides financi\u00e8res pour les personnes en situation de handicap ainsi que des programmes offerts dans la communaut\u00e9 \u2014 des ressources qui pourraient \u00eatre pertinentes pour les personnes touch\u00e9es par le SGB, [&hellip;]\" \/>\n<meta property=\"og:url\" content=\"https:\/\/gbscidp.ca\/fr\/resources\/government-benefits-and-community-services\/\" \/>\n<meta property=\"og:site_name\" content=\"GBS\/CIDP Foundation\" \/>\n<meta property=\"article:modified_time\" content=\"2025-11-03T13:56:46+00:00\" \/>\n<meta property=\"og:image\" content=\"https:\/\/gbscidp.ca\/wp-content\/uploads\/2025\/07\/4acb5c03-7f84-47e8-9d58-93c6e90cdc6a-scaled.jpg\" \/>\n\t<meta property=\"og:image:width\" content=\"2560\" \/>\n\t<meta property=\"og:image:height\" content=\"878\" \/>\n\t<meta property=\"og:image:type\" content=\"image\/jpeg\" \/>\n<meta name=\"twitter:card\" content=\"summary_large_image\" \/>\n<meta name=\"twitter:label1\" content=\"Dur\u00e9e de lecture estim\u00e9e\" \/>\n\t<meta name=\"twitter:data1\" content=\"1 minute\" \/>\n<script type=\"application\/ld+json\" class=\"yoast-schema-graph\">{\"@context\":\"https:\\\/\\\/schema.org\",\"@graph\":[{\"@type\":\"WebPage\",\"@id\":\"https:\\\/\\\/gbscidp.ca\\\/fr\\\/resources\\\/government-benefits-and-community-services\\\/\",\"url\":\"https:\\\/\\\/gbscidp.ca\\\/fr\\\/resources\\\/government-benefits-and-community-services\\\/\",\"name\":\"Prestations gouvernementales et services communautaires - GBS\\\/CIDP Foundation\",\"isPartOf\":{\"@id\":\"https:\\\/\\\/gbscidp.ca\\\/#website\"},\"primaryImageOfPage\":{\"@id\":\"https:\\\/\\\/gbscidp.ca\\\/fr\\\/resources\\\/government-benefits-and-community-services\\\/#primaryimage\"},\"image\":{\"@id\":\"https:\\\/\\\/gbscidp.ca\\\/fr\\\/resources\\\/government-benefits-and-community-services\\\/#primaryimage\"},\"thumbnailUrl\":\"https:\\\/\\\/gbscidp.ca\\\/wp-content\\\/uploads\\\/2025\\\/07\\\/4acb5c03-7f84-47e8-9d58-93c6e90cdc6a-scaled.jpg\",\"datePublished\":\"2022-11-28T17:21:05+00:00\",\"dateModified\":\"2025-11-03T13:56:46+00:00\",\"breadcrumb\":{\"@id\":\"https:\\\/\\\/gbscidp.ca\\\/fr\\\/resources\\\/government-benefits-and-community-services\\\/#breadcrumb\"},\"inLanguage\":\"fr-FR\",\"potentialAction\":[{\"@type\":\"ReadAction\",\"target\":[\"https:\\\/\\\/gbscidp.ca\\\/fr\\\/resources\\\/government-benefits-and-community-services\\\/\"]}]},{\"@type\":\"ImageObject\",\"inLanguage\":\"fr-FR\",\"@id\":\"https:\\\/\\\/gbscidp.ca\\\/fr\\\/resources\\\/government-benefits-and-community-services\\\/#primaryimage\",\"url\":\"https:\\\/\\\/gbscidp.ca\\\/wp-content\\\/uploads\\\/2025\\\/07\\\/4acb5c03-7f84-47e8-9d58-93c6e90cdc6a-scaled.jpg\",\"contentUrl\":\"https:\\\/\\\/gbscidp.ca\\\/wp-content\\\/uploads\\\/2025\\\/07\\\/4acb5c03-7f84-47e8-9d58-93c6e90cdc6a-scaled.jpg\",\"width\":2560,\"height\":878},{\"@type\":\"BreadcrumbList\",\"@id\":\"https:\\\/\\\/gbscidp.ca\\\/fr\\\/resources\\\/government-benefits-and-community-services\\\/#breadcrumb\",\"itemListElement\":[{\"@type\":\"ListItem\",\"position\":1,\"name\":\"Home\",\"item\":\"https:\\\/\\\/gbscidp.ca\\\/fr\\\/\"},{\"@type\":\"ListItem\",\"position\":2,\"name\":\"Ressources\",\"item\":\"https:\\\/\\\/gbscidp.ca\\\/fr\\\/resources\\\/\"},{\"@type\":\"ListItem\",\"position\":3,\"name\":\"Prestations gouvernementales et services communautaires\"}]},{\"@type\":\"WebSite\",\"@id\":\"https:\\\/\\\/gbscidp.ca\\\/#website\",\"url\":\"https:\\\/\\\/gbscidp.ca\\\/\",\"name\":\"GBS\\\/CIDP Foundation\",\"description\":\"\",\"publisher\":{\"@id\":\"https:\\\/\\\/gbscidp.ca\\\/#organization\"},\"potentialAction\":[{\"@type\":\"SearchAction\",\"target\":{\"@type\":\"EntryPoint\",\"urlTemplate\":\"https:\\\/\\\/gbscidp.ca\\\/?s={search_term_string}\"},\"query-input\":{\"@type\":\"PropertyValueSpecification\",\"valueRequired\":true,\"valueName\":\"search_term_string\"}}],\"inLanguage\":\"fr-FR\"},{\"@type\":\"Organization\",\"@id\":\"https:\\\/\\\/gbscidp.ca\\\/#organization\",\"name\":\"GBS\\\/CIDP Foundation\",\"url\":\"https:\\\/\\\/gbscidp.ca\\\/\",\"logo\":{\"@type\":\"ImageObject\",\"inLanguage\":\"fr-FR\",\"@id\":\"https:\\\/\\\/gbscidp.ca\\\/#\\\/schema\\\/logo\\\/image\\\/\",\"url\":\"https:\\\/\\\/gbscidp.ca\\\/wp-content\\\/uploads\\\/2022\\\/09\\\/gbs-logo-colour.svg\",\"contentUrl\":\"https:\\\/\\\/gbscidp.ca\\\/wp-content\\\/uploads\\\/2022\\\/09\\\/gbs-logo-colour.svg\",\"caption\":\"GBS\\\/CIDP Foundation\"},\"image\":{\"@id\":\"https:\\\/\\\/gbscidp.ca\\\/#\\\/schema\\\/logo\\\/image\\\/\"}}]}<\/script>\n<!-- \/ Yoast SEO plugin. -->","yoast_head_json":{"title":"Prestations gouvernementales et services communautaires - GBS\/CIDP Foundation","robots":{"index":"index","follow":"follow","max-snippet":"max-snippet:-1","max-image-preview":"max-image-preview:large","max-video-preview":"max-video-preview:-1"},"canonical":"https:\/\/gbscidp.ca\/fr\/resources\/government-benefits-and-community-services\/","og_locale":"fr_FR","og_type":"article","og_title":"Prestations gouvernementales et services communautaires - GBS\/CIDP Foundation","og_description":"D\u00e9couvrez notre guide vers les programmes et prestations qui pourraient vous \u00eatre utiles. Vous y trouverez des liens utiles vers des cr\u00e9dits d\u2019imp\u00f4t, des aides financi\u00e8res pour les personnes en situation de handicap ainsi que des programmes offerts dans la communaut\u00e9 \u2014 des ressources qui pourraient \u00eatre pertinentes pour les personnes touch\u00e9es par le SGB, [&hellip;]","og_url":"https:\/\/gbscidp.ca\/fr\/resources\/government-benefits-and-community-services\/","og_site_name":"GBS\/CIDP Foundation","article_modified_time":"2025-11-03T13:56:46+00:00","og_image":[{"width":2560,"height":878,"url":"https:\/\/gbscidp.ca\/wp-content\/uploads\/2025\/07\/4acb5c03-7f84-47e8-9d58-93c6e90cdc6a-scaled.jpg","type":"image\/jpeg"}],"twitter_card":"summary_large_image","twitter_misc":{"Dur\u00e9e de lecture estim\u00e9e":"1 minute"},"schema":{"@context":"https:\/\/schema.org","@graph":[{"@type":"WebPage","@id":"https:\/\/gbscidp.ca\/fr\/resources\/government-benefits-and-community-services\/","url":"https:\/\/gbscidp.ca\/fr\/resources\/government-benefits-and-community-services\/","name":"Prestations gouvernementales et services communautaires - GBS\/CIDP Foundation","isPartOf":{"@id":"https:\/\/gbscidp.ca\/#website"},"primaryImageOfPage":{"@id":"https:\/\/gbscidp.ca\/fr\/resources\/government-benefits-and-community-services\/#primaryimage"},"image":{"@id":"https:\/\/gbscidp.ca\/fr\/resources\/government-benefits-and-community-services\/#primaryimage"},"thumbnailUrl":"https:\/\/gbscidp.ca\/wp-content\/uploads\/2025\/07\/4acb5c03-7f84-47e8-9d58-93c6e90cdc6a-scaled.jpg","datePublished":"2022-11-28T17:21:05+00:00","dateModified":"2025-11-03T13:56:46+00:00","breadcrumb":{"@id":"https:\/\/gbscidp.ca\/fr\/resources\/government-benefits-and-community-services\/#breadcrumb"},"inLanguage":"fr-FR","potentialAction":[{"@type":"ReadAction","target":["https:\/\/gbscidp.ca\/fr\/resources\/government-benefits-and-community-services\/"]}]},{"@type":"ImageObject","inLanguage":"fr-FR","@id":"https:\/\/gbscidp.ca\/fr\/resources\/government-benefits-and-community-services\/#primaryimage","url":"https:\/\/gbscidp.ca\/wp-content\/uploads\/2025\/07\/4acb5c03-7f84-47e8-9d58-93c6e90cdc6a-scaled.jpg","contentUrl":"https:\/\/gbscidp.ca\/wp-content\/uploads\/2025\/07\/4acb5c03-7f84-47e8-9d58-93c6e90cdc6a-scaled.jpg","width":2560,"height":878},{"@type":"BreadcrumbList","@id":"https:\/\/gbscidp.ca\/fr\/resources\/government-benefits-and-community-services\/#breadcrumb","itemListElement":[{"@type":"ListItem","position":1,"name":"Home","item":"https:\/\/gbscidp.ca\/fr\/"},{"@type":"ListItem","position":2,"name":"Ressources","item":"https:\/\/gbscidp.ca\/fr\/resources\/"},{"@type":"ListItem","position":3,"name":"Prestations gouvernementales et services communautaires"}]},{"@type":"WebSite","@id":"https:\/\/gbscidp.ca\/#website","url":"https:\/\/gbscidp.ca\/","name":"GBS\/CIDP Foundation","description":"","publisher":{"@id":"https:\/\/gbscidp.ca\/#organization"},"potentialAction":[{"@type":"SearchAction","target":{"@type":"EntryPoint","urlTemplate":"https:\/\/gbscidp.ca\/?s={search_term_string}"},"query-input":{"@type":"PropertyValueSpecification","valueRequired":true,"valueName":"search_term_string"}}],"inLanguage":"fr-FR"},{"@type":"Organization","@id":"https:\/\/gbscidp.ca\/#organization","name":"GBS\/CIDP Foundation","url":"https:\/\/gbscidp.ca\/","logo":{"@type":"ImageObject","inLanguage":"fr-FR","@id":"https:\/\/gbscidp.ca\/#\/schema\/logo\/image\/","url":"https:\/\/gbscidp.ca\/wp-content\/uploads\/2022\/09\/gbs-logo-colour.svg","contentUrl":"https:\/\/gbscidp.ca\/wp-content\/uploads\/2022\/09\/gbs-logo-colour.svg","caption":"GBS\/CIDP Foundation"},"image":{"@id":"https:\/\/gbscidp.ca\/#\/schema\/logo\/image\/"}}]}},"_links":{"self":[{"href":"https:\/\/gbscidp.ca\/fr\/wp-json\/wp\/v2\/pages\/2777","targetHints":{"allow":["GET"]}}],"collection":[{"href":"https:\/\/gbscidp.ca\/fr\/wp-json\/wp\/v2\/pages"}],"about":[{"href":"https:\/\/gbscidp.ca\/fr\/wp-json\/wp\/v2\/types\/page"}],"author":[{"embeddable":true,"href":"https:\/\/gbscidp.ca\/fr\/wp-json\/wp\/v2\/users\/1"}],"replies":[{"embeddable":true,"href":"https:\/\/gbscidp.ca\/fr\/wp-json\/wp\/v2\/comments?post=2777"}],"version-history":[{"count":6,"href":"https:\/\/gbscidp.ca\/fr\/wp-json\/wp\/v2\/pages\/2777\/revisions"}],"predecessor-version":[{"id":4187,"href":"https:\/\/gbscidp.ca\/fr\/wp-json\/wp\/v2\/pages\/2777\/revisions\/4187"}],"up":[{"embeddable":true,"href":"https:\/\/gbscidp.ca\/fr\/wp-json\/wp\/v2\/pages\/2137"}],"wp:featuredmedia":[{"embeddable":true,"href":"https:\/\/gbscidp.ca\/fr\/wp-json\/wp\/v2\/media\/3491"}],"wp:attachment":[{"href":"https:\/\/gbscidp.ca\/fr\/wp-json\/wp\/v2\/media?parent=2777"}],"curies":[{"name":"wp","href":"https:\/\/api.w.org\/{rel}","templated":true}]}}