{"id":2776,"date":"2022-11-28T17:19:58","date_gmt":"2022-11-28T17:19:58","guid":{"rendered":"https:\/\/gbscidp.ca\/new\/resources\/educational-videos\/"},"modified":"2025-04-24T09:31:52","modified_gmt":"2025-04-24T09:31:52","slug":"educational-videos","status":"publish","type":"page","link":"https:\/\/gbscidp.ca\/fr\/resources\/educational-videos\/","title":{"rendered":"Vid\u00e9os \u00e9ducatives"},"content":{"rendered":"<p><span style=\"font-weight: 400;\">La Fondation met \u00e0 votre disposition une vaste collection de vid\u00e9os, de webinaires et d\u2019entrevues avec des sp\u00e9cialistes, tous pens\u00e9s pour vous offrir de l\u2019information \u00e0 jour sur le SGB, la PDIC, la NMM et leurs variantes.<\/span><\/p>\n<p><span style=\"font-weight: 400;\"><br \/>\n<\/span><span style=\"font-weight: 400;\"> Que vous soyez une personne atteinte, un proche aidant<\/span><span style=\"font-weight: 400;\">\u22c5e<\/span><span style=\"font-weight: 400;\"> ou un professionnel<\/span><span style=\"font-weight: 400;\">\u22c5le<\/span><span style=\"font-weight: 400;\"> de la sant\u00e9, ces ressources sont l\u00e0 pour vous aider \u00e0 mieux comprendre ces maladies et \u00e0 avancer plus sereinement dans ce parcours.<\/span><\/p>\n","protected":false},"excerpt":{"rendered":"<p>La Fondation met \u00e0 votre disposition une vaste collection de vid\u00e9os, de webinaires et d\u2019entrevues avec des sp\u00e9cialistes, tous pens\u00e9s pour vous offrir de l\u2019information \u00e0 jour sur le SGB, la PDIC, la NMM et leurs variantes. Que vous soyez une personne atteinte, un proche aidant\u22c5e ou un professionnel\u22c5le de la sant\u00e9, ces ressources sont [&hellip;]<\/p>\n","protected":false},"author":1,"featured_media":0,"parent":2137,"menu_order":0,"comment_status":"closed","ping_status":"closed","template":"","meta":{"_acf_changed":false,"inline_featured_image":false,"footnotes":""},"class_list":["post-2776","page","type-page","status-publish","hentry"],"acf":[],"yoast_head":"<!-- This site is optimized with the Yoast SEO plugin v27.4 - https:\/\/yoast.com\/product\/yoast-seo-wordpress\/ -->\n<title>Vid\u00e9os \u00e9ducatives - GBS\/CIDP Foundation<\/title>\n<meta name=\"robots\" content=\"index, follow, max-snippet:-1, max-image-preview:large, max-video-preview:-1\" \/>\n<link rel=\"canonical\" href=\"https:\/\/gbscidp.ca\/fr\/resources\/educational-videos\/\" \/>\n<meta property=\"og:locale\" content=\"fr_FR\" \/>\n<meta property=\"og:type\" content=\"article\" \/>\n<meta property=\"og:title\" content=\"Vid\u00e9os \u00e9ducatives - GBS\/CIDP Foundation\" \/>\n<meta property=\"og:description\" content=\"La Fondation met \u00e0 votre disposition une vaste collection de vid\u00e9os, de webinaires et d\u2019entrevues avec des sp\u00e9cialistes, tous pens\u00e9s pour vous offrir de l\u2019information \u00e0 jour sur le SGB, la PDIC, la NMM et leurs variantes. Que vous soyez une personne atteinte, un proche aidant\u22c5e ou un professionnel\u22c5le de la sant\u00e9, ces ressources sont [&hellip;]\" \/>\n<meta property=\"og:url\" content=\"https:\/\/gbscidp.ca\/fr\/resources\/educational-videos\/\" \/>\n<meta property=\"og:site_name\" content=\"GBS\/CIDP Foundation\" \/>\n<meta property=\"article:modified_time\" content=\"2025-04-24T09:31:52+00:00\" \/>\n<meta name=\"twitter:card\" content=\"summary_large_image\" \/>\n<meta name=\"twitter:label1\" content=\"Dur\u00e9e de lecture estim\u00e9e\" \/>\n\t<meta name=\"twitter:data1\" content=\"1 minute\" \/>\n<script type=\"application\/ld+json\" class=\"yoast-schema-graph\">{\"@context\":\"https:\\\/\\\/schema.org\",\"@graph\":[{\"@type\":\"WebPage\",\"@id\":\"https:\\\/\\\/gbscidp.ca\\\/fr\\\/resources\\\/educational-videos\\\/\",\"url\":\"https:\\\/\\\/gbscidp.ca\\\/fr\\\/resources\\\/educational-videos\\\/\",\"name\":\"Vid\u00e9os \u00e9ducatives - GBS\\\/CIDP Foundation\",\"isPartOf\":{\"@id\":\"https:\\\/\\\/gbscidp.ca\\\/#website\"},\"datePublished\":\"2022-11-28T17:19:58+00:00\",\"dateModified\":\"2025-04-24T09:31:52+00:00\",\"breadcrumb\":{\"@id\":\"https:\\\/\\\/gbscidp.ca\\\/fr\\\/resources\\\/educational-videos\\\/#breadcrumb\"},\"inLanguage\":\"fr-FR\",\"potentialAction\":[{\"@type\":\"ReadAction\",\"target\":[\"https:\\\/\\\/gbscidp.ca\\\/fr\\\/resources\\\/educational-videos\\\/\"]}]},{\"@type\":\"BreadcrumbList\",\"@id\":\"https:\\\/\\\/gbscidp.ca\\\/fr\\\/resources\\\/educational-videos\\\/#breadcrumb\",\"itemListElement\":[{\"@type\":\"ListItem\",\"position\":1,\"name\":\"Home\",\"item\":\"https:\\\/\\\/gbscidp.ca\\\/fr\\\/\"},{\"@type\":\"ListItem\",\"position\":2,\"name\":\"Ressources\",\"item\":\"https:\\\/\\\/gbscidp.ca\\\/fr\\\/resources\\\/\"},{\"@type\":\"ListItem\",\"position\":3,\"name\":\"Vid\u00e9os \u00e9ducatives\"}]},{\"@type\":\"WebSite\",\"@id\":\"https:\\\/\\\/gbscidp.ca\\\/#website\",\"url\":\"https:\\\/\\\/gbscidp.ca\\\/\",\"name\":\"GBS\\\/CIDP Foundation\",\"description\":\"\",\"publisher\":{\"@id\":\"https:\\\/\\\/gbscidp.ca\\\/#organization\"},\"potentialAction\":[{\"@type\":\"SearchAction\",\"target\":{\"@type\":\"EntryPoint\",\"urlTemplate\":\"https:\\\/\\\/gbscidp.ca\\\/?s={search_term_string}\"},\"query-input\":{\"@type\":\"PropertyValueSpecification\",\"valueRequired\":true,\"valueName\":\"search_term_string\"}}],\"inLanguage\":\"fr-FR\"},{\"@type\":\"Organization\",\"@id\":\"https:\\\/\\\/gbscidp.ca\\\/#organization\",\"name\":\"GBS\\\/CIDP Foundation\",\"url\":\"https:\\\/\\\/gbscidp.ca\\\/\",\"logo\":{\"@type\":\"ImageObject\",\"inLanguage\":\"fr-FR\",\"@id\":\"https:\\\/\\\/gbscidp.ca\\\/#\\\/schema\\\/logo\\\/image\\\/\",\"url\":\"https:\\\/\\\/gbscidp.ca\\\/wp-content\\\/uploads\\\/2022\\\/09\\\/gbs-logo-colour.svg\",\"contentUrl\":\"https:\\\/\\\/gbscidp.ca\\\/wp-content\\\/uploads\\\/2022\\\/09\\\/gbs-logo-colour.svg\",\"caption\":\"GBS\\\/CIDP Foundation\"},\"image\":{\"@id\":\"https:\\\/\\\/gbscidp.ca\\\/#\\\/schema\\\/logo\\\/image\\\/\"}}]}<\/script>\n<!-- \/ Yoast SEO plugin. -->","yoast_head_json":{"title":"Vid\u00e9os \u00e9ducatives - GBS\/CIDP Foundation","robots":{"index":"index","follow":"follow","max-snippet":"max-snippet:-1","max-image-preview":"max-image-preview:large","max-video-preview":"max-video-preview:-1"},"canonical":"https:\/\/gbscidp.ca\/fr\/resources\/educational-videos\/","og_locale":"fr_FR","og_type":"article","og_title":"Vid\u00e9os \u00e9ducatives - GBS\/CIDP Foundation","og_description":"La Fondation met \u00e0 votre disposition une vaste collection de vid\u00e9os, de webinaires et d\u2019entrevues avec des sp\u00e9cialistes, tous pens\u00e9s pour vous offrir de l\u2019information \u00e0 jour sur le SGB, la PDIC, la NMM et leurs variantes. Que vous soyez une personne atteinte, un proche aidant\u22c5e ou un professionnel\u22c5le de la sant\u00e9, ces ressources sont [&hellip;]","og_url":"https:\/\/gbscidp.ca\/fr\/resources\/educational-videos\/","og_site_name":"GBS\/CIDP Foundation","article_modified_time":"2025-04-24T09:31:52+00:00","twitter_card":"summary_large_image","twitter_misc":{"Dur\u00e9e de lecture estim\u00e9e":"1 minute"},"schema":{"@context":"https:\/\/schema.org","@graph":[{"@type":"WebPage","@id":"https:\/\/gbscidp.ca\/fr\/resources\/educational-videos\/","url":"https:\/\/gbscidp.ca\/fr\/resources\/educational-videos\/","name":"Vid\u00e9os \u00e9ducatives - GBS\/CIDP Foundation","isPartOf":{"@id":"https:\/\/gbscidp.ca\/#website"},"datePublished":"2022-11-28T17:19:58+00:00","dateModified":"2025-04-24T09:31:52+00:00","breadcrumb":{"@id":"https:\/\/gbscidp.ca\/fr\/resources\/educational-videos\/#breadcrumb"},"inLanguage":"fr-FR","potentialAction":[{"@type":"ReadAction","target":["https:\/\/gbscidp.ca\/fr\/resources\/educational-videos\/"]}]},{"@type":"BreadcrumbList","@id":"https:\/\/gbscidp.ca\/fr\/resources\/educational-videos\/#breadcrumb","itemListElement":[{"@type":"ListItem","position":1,"name":"Home","item":"https:\/\/gbscidp.ca\/fr\/"},{"@type":"ListItem","position":2,"name":"Ressources","item":"https:\/\/gbscidp.ca\/fr\/resources\/"},{"@type":"ListItem","position":3,"name":"Vid\u00e9os \u00e9ducatives"}]},{"@type":"WebSite","@id":"https:\/\/gbscidp.ca\/#website","url":"https:\/\/gbscidp.ca\/","name":"GBS\/CIDP Foundation","description":"","publisher":{"@id":"https:\/\/gbscidp.ca\/#organization"},"potentialAction":[{"@type":"SearchAction","target":{"@type":"EntryPoint","urlTemplate":"https:\/\/gbscidp.ca\/?s={search_term_string}"},"query-input":{"@type":"PropertyValueSpecification","valueRequired":true,"valueName":"search_term_string"}}],"inLanguage":"fr-FR"},{"@type":"Organization","@id":"https:\/\/gbscidp.ca\/#organization","name":"GBS\/CIDP Foundation","url":"https:\/\/gbscidp.ca\/","logo":{"@type":"ImageObject","inLanguage":"fr-FR","@id":"https:\/\/gbscidp.ca\/#\/schema\/logo\/image\/","url":"https:\/\/gbscidp.ca\/wp-content\/uploads\/2022\/09\/gbs-logo-colour.svg","contentUrl":"https:\/\/gbscidp.ca\/wp-content\/uploads\/2022\/09\/gbs-logo-colour.svg","caption":"GBS\/CIDP Foundation"},"image":{"@id":"https:\/\/gbscidp.ca\/#\/schema\/logo\/image\/"}}]}},"_links":{"self":[{"href":"https:\/\/gbscidp.ca\/fr\/wp-json\/wp\/v2\/pages\/2776","targetHints":{"allow":["GET"]}}],"collection":[{"href":"https:\/\/gbscidp.ca\/fr\/wp-json\/wp\/v2\/pages"}],"about":[{"href":"https:\/\/gbscidp.ca\/fr\/wp-json\/wp\/v2\/types\/page"}],"author":[{"embeddable":true,"href":"https:\/\/gbscidp.ca\/fr\/wp-json\/wp\/v2\/users\/1"}],"replies":[{"embeddable":true,"href":"https:\/\/gbscidp.ca\/fr\/wp-json\/wp\/v2\/comments?post=2776"}],"version-history":[{"count":1,"href":"https:\/\/gbscidp.ca\/fr\/wp-json\/wp\/v2\/pages\/2776\/revisions"}],"predecessor-version":[{"id":2885,"href":"https:\/\/gbscidp.ca\/fr\/wp-json\/wp\/v2\/pages\/2776\/revisions\/2885"}],"up":[{"embeddable":true,"href":"https:\/\/gbscidp.ca\/fr\/wp-json\/wp\/v2\/pages\/2137"}],"wp:attachment":[{"href":"https:\/\/gbscidp.ca\/fr\/wp-json\/wp\/v2\/media?parent=2776"}],"curies":[{"name":"wp","href":"https:\/\/api.w.org\/{rel}","templated":true}]}}