{"id":2712,"date":"2022-11-11T07:34:08","date_gmt":"2022-11-11T07:34:08","guid":{"rendered":"https:\/\/gbscidp.ca\/new\/act-now\/host-a-fundraiser\/"},"modified":"2025-10-13T14:16:17","modified_gmt":"2025-10-13T14:16:17","slug":"host-a-fundraiser","status":"publish","type":"page","link":"https:\/\/gbscidp.ca\/fr\/act-now\/host-a-fundraiser\/","title":{"rendered":"Organiser une collecte de fonds"},"content":{"rendered":"<p><span style=\"font-weight: 400;\">Organisez votre propre \u00e9v\u00e9nement au profit de la Fondation! Que ce soit un \u00e9v\u00e9nement de conditionnement physique ou \u00e0 la salle de quilles, une soir\u00e9e cin\u00e9ma, un lavage de voiture ou un d\u00eener entre ami\u00b7es, <\/span><span style=\"font-weight: 400;\">les possibilit\u00e9s pour soutenir le travail de la Fondation en faveur des patients sont nombreuses<\/span><span style=\"font-weight: 400;\">. <\/span><span style=\"font-weight: 400;\">\u00a0Voici quelques bonnes id\u00e9es \u00e0 envisager.<\/span><\/p>\n","protected":false},"excerpt":{"rendered":"<p>Organisez votre propre \u00e9v\u00e9nement au profit de la Fondation! Que ce soit un \u00e9v\u00e9nement de conditionnement physique ou \u00e0 la salle de quilles, une soir\u00e9e cin\u00e9ma, un lavage de voiture ou un d\u00eener entre ami\u00b7es, les possibilit\u00e9s pour soutenir le travail de la Fondation en faveur des patients sont nombreuses. \u00a0Voici quelques bonnes id\u00e9es \u00e0 [&hellip;]<\/p>\n","protected":false},"author":1,"featured_media":258,"parent":2136,"menu_order":0,"comment_status":"closed","ping_status":"closed","template":"","meta":{"_acf_changed":false,"inline_featured_image":false,"footnotes":""},"class_list":["post-2712","page","type-page","status-publish","has-post-thumbnail","hentry"],"acf":[],"yoast_head":"<!-- This site is optimized with the Yoast SEO plugin v27.4 - https:\/\/yoast.com\/product\/yoast-seo-wordpress\/ -->\n<title>Organiser une collecte de fonds - GBS\/CIDP Foundation<\/title>\n<meta name=\"robots\" content=\"index, follow, max-snippet:-1, max-image-preview:large, max-video-preview:-1\" \/>\n<link rel=\"canonical\" href=\"https:\/\/gbscidp.ca\/fr\/act-now\/host-a-fundraiser\/\" \/>\n<meta property=\"og:locale\" content=\"fr_FR\" \/>\n<meta property=\"og:type\" content=\"article\" \/>\n<meta property=\"og:title\" content=\"Organiser une collecte de fonds - GBS\/CIDP Foundation\" \/>\n<meta property=\"og:description\" content=\"Organisez votre propre \u00e9v\u00e9nement au profit de la Fondation! Que ce soit un \u00e9v\u00e9nement de conditionnement physique ou \u00e0 la salle de quilles, une soir\u00e9e cin\u00e9ma, un lavage de voiture ou un d\u00eener entre ami\u00b7es, les possibilit\u00e9s pour soutenir le travail de la Fondation en faveur des patients sont nombreuses. \u00a0Voici quelques bonnes id\u00e9es \u00e0 [&hellip;]\" \/>\n<meta property=\"og:url\" content=\"https:\/\/gbscidp.ca\/fr\/act-now\/host-a-fundraiser\/\" \/>\n<meta property=\"og:site_name\" content=\"GBS\/CIDP Foundation\" \/>\n<meta property=\"article:modified_time\" content=\"2025-10-13T14:16:17+00:00\" \/>\n<meta property=\"og:image\" content=\"https:\/\/gbscidp.ca\/wp-content\/uploads\/2022\/11\/act-now-host-hero.jpg\" \/>\n\t<meta property=\"og:image:width\" content=\"1920\" \/>\n\t<meta property=\"og:image:height\" content=\"640\" \/>\n\t<meta property=\"og:image:type\" content=\"image\/jpeg\" \/>\n<meta name=\"twitter:card\" content=\"summary_large_image\" \/>\n<meta name=\"twitter:label1\" content=\"Dur\u00e9e de lecture estim\u00e9e\" \/>\n\t<meta name=\"twitter:data1\" content=\"1 minute\" \/>\n<script type=\"application\/ld+json\" class=\"yoast-schema-graph\">{\"@context\":\"https:\\\/\\\/schema.org\",\"@graph\":[{\"@type\":\"WebPage\",\"@id\":\"https:\\\/\\\/gbscidp.ca\\\/fr\\\/act-now\\\/host-a-fundraiser\\\/\",\"url\":\"https:\\\/\\\/gbscidp.ca\\\/fr\\\/act-now\\\/host-a-fundraiser\\\/\",\"name\":\"Organiser une collecte de fonds - GBS\\\/CIDP Foundation\",\"isPartOf\":{\"@id\":\"https:\\\/\\\/gbscidp.ca\\\/#website\"},\"primaryImageOfPage\":{\"@id\":\"https:\\\/\\\/gbscidp.ca\\\/fr\\\/act-now\\\/host-a-fundraiser\\\/#primaryimage\"},\"image\":{\"@id\":\"https:\\\/\\\/gbscidp.ca\\\/fr\\\/act-now\\\/host-a-fundraiser\\\/#primaryimage\"},\"thumbnailUrl\":\"https:\\\/\\\/gbscidp.ca\\\/wp-content\\\/uploads\\\/2022\\\/11\\\/act-now-host-hero.jpg\",\"datePublished\":\"2022-11-11T07:34:08+00:00\",\"dateModified\":\"2025-10-13T14:16:17+00:00\",\"breadcrumb\":{\"@id\":\"https:\\\/\\\/gbscidp.ca\\\/fr\\\/act-now\\\/host-a-fundraiser\\\/#breadcrumb\"},\"inLanguage\":\"fr-FR\",\"potentialAction\":[{\"@type\":\"ReadAction\",\"target\":[\"https:\\\/\\\/gbscidp.ca\\\/fr\\\/act-now\\\/host-a-fundraiser\\\/\"]}]},{\"@type\":\"ImageObject\",\"inLanguage\":\"fr-FR\",\"@id\":\"https:\\\/\\\/gbscidp.ca\\\/fr\\\/act-now\\\/host-a-fundraiser\\\/#primaryimage\",\"url\":\"https:\\\/\\\/gbscidp.ca\\\/wp-content\\\/uploads\\\/2022\\\/11\\\/act-now-host-hero.jpg\",\"contentUrl\":\"https:\\\/\\\/gbscidp.ca\\\/wp-content\\\/uploads\\\/2022\\\/11\\\/act-now-host-hero.jpg\",\"width\":1920,\"height\":640},{\"@type\":\"BreadcrumbList\",\"@id\":\"https:\\\/\\\/gbscidp.ca\\\/fr\\\/act-now\\\/host-a-fundraiser\\\/#breadcrumb\",\"itemListElement\":[{\"@type\":\"ListItem\",\"position\":1,\"name\":\"Home\",\"item\":\"https:\\\/\\\/gbscidp.ca\\\/fr\\\/\"},{\"@type\":\"ListItem\",\"position\":2,\"name\":\"Agir maintenant\",\"item\":\"https:\\\/\\\/gbscidp.ca\\\/fr\\\/act-now\\\/\"},{\"@type\":\"ListItem\",\"position\":3,\"name\":\"Organiser une collecte de fonds\"}]},{\"@type\":\"WebSite\",\"@id\":\"https:\\\/\\\/gbscidp.ca\\\/#website\",\"url\":\"https:\\\/\\\/gbscidp.ca\\\/\",\"name\":\"GBS\\\/CIDP Foundation\",\"description\":\"\",\"publisher\":{\"@id\":\"https:\\\/\\\/gbscidp.ca\\\/#organization\"},\"potentialAction\":[{\"@type\":\"SearchAction\",\"target\":{\"@type\":\"EntryPoint\",\"urlTemplate\":\"https:\\\/\\\/gbscidp.ca\\\/?s={search_term_string}\"},\"query-input\":{\"@type\":\"PropertyValueSpecification\",\"valueRequired\":true,\"valueName\":\"search_term_string\"}}],\"inLanguage\":\"fr-FR\"},{\"@type\":\"Organization\",\"@id\":\"https:\\\/\\\/gbscidp.ca\\\/#organization\",\"name\":\"GBS\\\/CIDP Foundation\",\"url\":\"https:\\\/\\\/gbscidp.ca\\\/\",\"logo\":{\"@type\":\"ImageObject\",\"inLanguage\":\"fr-FR\",\"@id\":\"https:\\\/\\\/gbscidp.ca\\\/#\\\/schema\\\/logo\\\/image\\\/\",\"url\":\"https:\\\/\\\/gbscidp.ca\\\/wp-content\\\/uploads\\\/2022\\\/09\\\/gbs-logo-colour.svg\",\"contentUrl\":\"https:\\\/\\\/gbscidp.ca\\\/wp-content\\\/uploads\\\/2022\\\/09\\\/gbs-logo-colour.svg\",\"caption\":\"GBS\\\/CIDP Foundation\"},\"image\":{\"@id\":\"https:\\\/\\\/gbscidp.ca\\\/#\\\/schema\\\/logo\\\/image\\\/\"}}]}<\/script>\n<!-- \/ Yoast SEO plugin. -->","yoast_head_json":{"title":"Organiser une collecte de fonds - GBS\/CIDP Foundation","robots":{"index":"index","follow":"follow","max-snippet":"max-snippet:-1","max-image-preview":"max-image-preview:large","max-video-preview":"max-video-preview:-1"},"canonical":"https:\/\/gbscidp.ca\/fr\/act-now\/host-a-fundraiser\/","og_locale":"fr_FR","og_type":"article","og_title":"Organiser une collecte de fonds - GBS\/CIDP Foundation","og_description":"Organisez votre propre \u00e9v\u00e9nement au profit de la Fondation! Que ce soit un \u00e9v\u00e9nement de conditionnement physique ou \u00e0 la salle de quilles, une soir\u00e9e cin\u00e9ma, un lavage de voiture ou un d\u00eener entre ami\u00b7es, les possibilit\u00e9s pour soutenir le travail de la Fondation en faveur des patients sont nombreuses. \u00a0Voici quelques bonnes id\u00e9es \u00e0 [&hellip;]","og_url":"https:\/\/gbscidp.ca\/fr\/act-now\/host-a-fundraiser\/","og_site_name":"GBS\/CIDP Foundation","article_modified_time":"2025-10-13T14:16:17+00:00","og_image":[{"width":1920,"height":640,"url":"https:\/\/gbscidp.ca\/wp-content\/uploads\/2022\/11\/act-now-host-hero.jpg","type":"image\/jpeg"}],"twitter_card":"summary_large_image","twitter_misc":{"Dur\u00e9e de lecture estim\u00e9e":"1 minute"},"schema":{"@context":"https:\/\/schema.org","@graph":[{"@type":"WebPage","@id":"https:\/\/gbscidp.ca\/fr\/act-now\/host-a-fundraiser\/","url":"https:\/\/gbscidp.ca\/fr\/act-now\/host-a-fundraiser\/","name":"Organiser une collecte de fonds - GBS\/CIDP Foundation","isPartOf":{"@id":"https:\/\/gbscidp.ca\/#website"},"primaryImageOfPage":{"@id":"https:\/\/gbscidp.ca\/fr\/act-now\/host-a-fundraiser\/#primaryimage"},"image":{"@id":"https:\/\/gbscidp.ca\/fr\/act-now\/host-a-fundraiser\/#primaryimage"},"thumbnailUrl":"https:\/\/gbscidp.ca\/wp-content\/uploads\/2022\/11\/act-now-host-hero.jpg","datePublished":"2022-11-11T07:34:08+00:00","dateModified":"2025-10-13T14:16:17+00:00","breadcrumb":{"@id":"https:\/\/gbscidp.ca\/fr\/act-now\/host-a-fundraiser\/#breadcrumb"},"inLanguage":"fr-FR","potentialAction":[{"@type":"ReadAction","target":["https:\/\/gbscidp.ca\/fr\/act-now\/host-a-fundraiser\/"]}]},{"@type":"ImageObject","inLanguage":"fr-FR","@id":"https:\/\/gbscidp.ca\/fr\/act-now\/host-a-fundraiser\/#primaryimage","url":"https:\/\/gbscidp.ca\/wp-content\/uploads\/2022\/11\/act-now-host-hero.jpg","contentUrl":"https:\/\/gbscidp.ca\/wp-content\/uploads\/2022\/11\/act-now-host-hero.jpg","width":1920,"height":640},{"@type":"BreadcrumbList","@id":"https:\/\/gbscidp.ca\/fr\/act-now\/host-a-fundraiser\/#breadcrumb","itemListElement":[{"@type":"ListItem","position":1,"name":"Home","item":"https:\/\/gbscidp.ca\/fr\/"},{"@type":"ListItem","position":2,"name":"Agir maintenant","item":"https:\/\/gbscidp.ca\/fr\/act-now\/"},{"@type":"ListItem","position":3,"name":"Organiser une collecte de fonds"}]},{"@type":"WebSite","@id":"https:\/\/gbscidp.ca\/#website","url":"https:\/\/gbscidp.ca\/","name":"GBS\/CIDP Foundation","description":"","publisher":{"@id":"https:\/\/gbscidp.ca\/#organization"},"potentialAction":[{"@type":"SearchAction","target":{"@type":"EntryPoint","urlTemplate":"https:\/\/gbscidp.ca\/?s={search_term_string}"},"query-input":{"@type":"PropertyValueSpecification","valueRequired":true,"valueName":"search_term_string"}}],"inLanguage":"fr-FR"},{"@type":"Organization","@id":"https:\/\/gbscidp.ca\/#organization","name":"GBS\/CIDP Foundation","url":"https:\/\/gbscidp.ca\/","logo":{"@type":"ImageObject","inLanguage":"fr-FR","@id":"https:\/\/gbscidp.ca\/#\/schema\/logo\/image\/","url":"https:\/\/gbscidp.ca\/wp-content\/uploads\/2022\/09\/gbs-logo-colour.svg","contentUrl":"https:\/\/gbscidp.ca\/wp-content\/uploads\/2022\/09\/gbs-logo-colour.svg","caption":"GBS\/CIDP Foundation"},"image":{"@id":"https:\/\/gbscidp.ca\/#\/schema\/logo\/image\/"}}]}},"_links":{"self":[{"href":"https:\/\/gbscidp.ca\/fr\/wp-json\/wp\/v2\/pages\/2712","targetHints":{"allow":["GET"]}}],"collection":[{"href":"https:\/\/gbscidp.ca\/fr\/wp-json\/wp\/v2\/pages"}],"about":[{"href":"https:\/\/gbscidp.ca\/fr\/wp-json\/wp\/v2\/types\/page"}],"author":[{"embeddable":true,"href":"https:\/\/gbscidp.ca\/fr\/wp-json\/wp\/v2\/users\/1"}],"replies":[{"embeddable":true,"href":"https:\/\/gbscidp.ca\/fr\/wp-json\/wp\/v2\/comments?post=2712"}],"version-history":[{"count":5,"href":"https:\/\/gbscidp.ca\/fr\/wp-json\/wp\/v2\/pages\/2712\/revisions"}],"predecessor-version":[{"id":3811,"href":"https:\/\/gbscidp.ca\/fr\/wp-json\/wp\/v2\/pages\/2712\/revisions\/3811"}],"up":[{"embeddable":true,"href":"https:\/\/gbscidp.ca\/fr\/wp-json\/wp\/v2\/pages\/2136"}],"wp:featuredmedia":[{"embeddable":true,"href":"https:\/\/gbscidp.ca\/fr\/wp-json\/wp\/v2\/media\/258"}],"wp:attachment":[{"href":"https:\/\/gbscidp.ca\/fr\/wp-json\/wp\/v2\/media?parent=2712"}],"curies":[{"name":"wp","href":"https:\/\/api.w.org\/{rel}","templated":true}]}}